{"id":20972,"date":"2023-04-13T10:23:59","date_gmt":"2023-04-13T10:23:59","guid":{"rendered":"https:\/\/cosrxskincare.eu\/producto\/crema-todo-en-uno-advanced-snail-92\/"},"modified":"2023-04-24T10:08:14","modified_gmt":"2023-04-24T10:08:14","slug":"crema-todo-en-uno-advanced-snail-92","status":"publish","type":"product","link":"https:\/\/cosrxskincare.eu\/pt-pt\/producto\/crema-todo-en-uno-advanced-snail-92\/","title":{"rendered":"Creme tudo em um Advanced Snail 92"},"content":{"rendered":"<h4>Modo de uso<\/h4>\n<p>Aplicar suavemente uma quantidade apropriada do creme no rosto, evitando a zona dos olhos e da boca, ap\u00f3s a limpeza e o tonificante. Aplicar suavemente a \u00e1rea onde o creme foi aplicado de modo a que seja absorvido ao longo da textura da pele.<\/p>\n<p><\/p>\n<h4>Ingredientes<\/h4>\n<p>Snail Secretion Filtrate, Betaine, Caprylic\/Capric Triglyceride, Cetearyl Olivate, Sorbitan Olivate, Cetearyl Alcohol, Carbomer, Arginine, Dimethicone, Sodium Polyacrylate, Phenoxyethanol, Sodium Hyaluronate, Stearic acid, Allantoin, Panthenol, Xanthan Gum, Ethyl Hexanediol, Adenosine<\/p>\n","protected":false},"excerpt":{"rendered":"<p>Um creme em solu\u00e7\u00e3o tudo-em-um que repara e acalma a pele irritada e sensibilizada ap\u00f3s as fugas. Um creme rico em gel que se absorve instantaneamente na pele com uma nutri\u00e7\u00e3o completa, deixando a sua pele com uma sensa\u00e7\u00e3o refrescante e confort\u00e1vel.<\/p>\n","protected":false},"featured_media":20910,"comment_status":"closed","ping_status":"closed","template":"","meta":[],"product_brand":[],"product_cat":[662,663],"product_tag":[],"class_list":{"0":"post-20972","1":"product","2":"type-product","3":"status-publish","4":"has-post-thumbnail","6":"product_cat-hidratante-pt-pt","7":"product_cat-snail-pt-pt","9":"first","10":"instock","11":"shipping-taxable","12":"purchasable","13":"product-type-simple"},"yoast_head":"<!-- This site is optimized with the Yoast SEO plugin v27.3 - https:\/\/yoast.com\/product\/yoast-seo-wordpress\/ -->\n<title>Creme tudo em um Advanced Snail 92 - Cosrx<\/title>\n<meta name=\"robots\" content=\"index, follow, max-snippet:-1, max-image-preview:large, max-video-preview:-1\" \/>\n<link rel=\"canonical\" href=\"https:\/\/cosrxskincare.eu\/pt-pt\/producto\/crema-todo-en-uno-advanced-snail-92\/\" \/>\n<meta property=\"og:locale\" content=\"pt_PT\" \/>\n<meta property=\"og:type\" content=\"article\" \/>\n<meta property=\"og:title\" content=\"Creme tudo em um Advanced Snail 92 - Cosrx\" \/>\n<meta property=\"og:description\" content=\"Um creme em solu\u00e7\u00e3o tudo-em-um que repara e acalma a pele irritada e sensibilizada ap\u00f3s as fugas. Um creme rico em gel que se absorve instantaneamente na pele com uma nutri\u00e7\u00e3o completa, deixando a sua pele com uma sensa\u00e7\u00e3o refrescante e confort\u00e1vel.\" \/>\n<meta property=\"og:url\" content=\"https:\/\/cosrxskincare.eu\/pt-pt\/producto\/crema-todo-en-uno-advanced-snail-92\/\" \/>\n<meta property=\"og:site_name\" content=\"Cosrx\" \/>\n<meta property=\"article:modified_time\" content=\"2023-04-24T10:08:14+00:00\" \/>\n<meta property=\"og:image\" content=\"https:\/\/cosrxskincare.eu\/wp-content\/uploads\/2023\/04\/CRX012_8809416470016.jpg\" \/>\n\t<meta property=\"og:image:width\" content=\"800\" \/>\n\t<meta property=\"og:image:height\" content=\"800\" \/>\n\t<meta property=\"og:image:type\" content=\"image\/jpeg\" \/>\n<meta name=\"twitter:card\" content=\"summary_large_image\" \/>\n<meta name=\"twitter:label1\" content=\"Tempo estimado de leitura\" \/>\n\t<meta name=\"twitter:data1\" content=\"1 minuto\" \/>\n<script type=\"application\/ld+json\" class=\"yoast-schema-graph\">{\"@context\":\"https:\\\/\\\/schema.org\",\"@graph\":[{\"@type\":\"WebPage\",\"@id\":\"https:\\\/\\\/cosrxskincare.eu\\\/pt-pt\\\/producto\\\/crema-todo-en-uno-advanced-snail-92\\\/\",\"url\":\"https:\\\/\\\/cosrxskincare.eu\\\/pt-pt\\\/producto\\\/crema-todo-en-uno-advanced-snail-92\\\/\",\"name\":\"Creme tudo em um Advanced Snail 92 - Cosrx\",\"isPartOf\":{\"@id\":\"https:\\\/\\\/cosrxskincare.eu\\\/pt-pt\\\/#website\"},\"primaryImageOfPage\":{\"@id\":\"https:\\\/\\\/cosrxskincare.eu\\\/pt-pt\\\/producto\\\/crema-todo-en-uno-advanced-snail-92\\\/#primaryimage\"},\"image\":{\"@id\":\"https:\\\/\\\/cosrxskincare.eu\\\/pt-pt\\\/producto\\\/crema-todo-en-uno-advanced-snail-92\\\/#primaryimage\"},\"thumbnailUrl\":\"https:\\\/\\\/cosrxskincare.eu\\\/wp-content\\\/uploads\\\/2023\\\/04\\\/CRX012_8809416470016.jpg\",\"datePublished\":\"2023-04-13T10:23:59+00:00\",\"dateModified\":\"2023-04-24T10:08:14+00:00\",\"breadcrumb\":{\"@id\":\"https:\\\/\\\/cosrxskincare.eu\\\/pt-pt\\\/producto\\\/crema-todo-en-uno-advanced-snail-92\\\/#breadcrumb\"},\"inLanguage\":\"pt-PT\",\"potentialAction\":[{\"@type\":\"ReadAction\",\"target\":[\"https:\\\/\\\/cosrxskincare.eu\\\/pt-pt\\\/producto\\\/crema-todo-en-uno-advanced-snail-92\\\/\"]}]},{\"@type\":\"ImageObject\",\"inLanguage\":\"pt-PT\",\"@id\":\"https:\\\/\\\/cosrxskincare.eu\\\/pt-pt\\\/producto\\\/crema-todo-en-uno-advanced-snail-92\\\/#primaryimage\",\"url\":\"https:\\\/\\\/cosrxskincare.eu\\\/wp-content\\\/uploads\\\/2023\\\/04\\\/CRX012_8809416470016.jpg\",\"contentUrl\":\"https:\\\/\\\/cosrxskincare.eu\\\/wp-content\\\/uploads\\\/2023\\\/04\\\/CRX012_8809416470016.jpg\",\"width\":800,\"height\":800,\"caption\":\"CRX012_8809416470016\"},{\"@type\":\"BreadcrumbList\",\"@id\":\"https:\\\/\\\/cosrxskincare.eu\\\/pt-pt\\\/producto\\\/crema-todo-en-uno-advanced-snail-92\\\/#breadcrumb\",\"itemListElement\":[{\"@type\":\"ListItem\",\"position\":1,\"name\":\"Portada\",\"item\":\"https:\\\/\\\/cosrxskincare.eu\\\/pt-pt\\\/\"},{\"@type\":\"ListItem\",\"position\":2,\"name\":\"Tienda\",\"item\":\"https:\\\/\\\/cosrxskincare.eu\\\/tienda\\\/\"},{\"@type\":\"ListItem\",\"position\":3,\"name\":\"Creme tudo em um Advanced Snail 92\"}]},{\"@type\":\"WebSite\",\"@id\":\"https:\\\/\\\/cosrxskincare.eu\\\/pt-pt\\\/#website\",\"url\":\"https:\\\/\\\/cosrxskincare.eu\\\/pt-pt\\\/\",\"name\":\"Cosrx\",\"description\":\"Cosrx Europe\",\"potentialAction\":[{\"@type\":\"SearchAction\",\"target\":{\"@type\":\"EntryPoint\",\"urlTemplate\":\"https:\\\/\\\/cosrxskincare.eu\\\/pt-pt\\\/?s={search_term_string}\"},\"query-input\":{\"@type\":\"PropertyValueSpecification\",\"valueRequired\":true,\"valueName\":\"search_term_string\"}}],\"inLanguage\":\"pt-PT\"}]}<\/script>\n<!-- \/ Yoast SEO plugin. -->","yoast_head_json":{"title":"Creme tudo em um Advanced Snail 92 - Cosrx","robots":{"index":"index","follow":"follow","max-snippet":"max-snippet:-1","max-image-preview":"max-image-preview:large","max-video-preview":"max-video-preview:-1"},"canonical":"https:\/\/cosrxskincare.eu\/pt-pt\/producto\/crema-todo-en-uno-advanced-snail-92\/","og_locale":"pt_PT","og_type":"article","og_title":"Creme tudo em um Advanced Snail 92 - Cosrx","og_description":"Um creme em solu\u00e7\u00e3o tudo-em-um que repara e acalma a pele irritada e sensibilizada ap\u00f3s as fugas. Um creme rico em gel que se absorve instantaneamente na pele com uma nutri\u00e7\u00e3o completa, deixando a sua pele com uma sensa\u00e7\u00e3o refrescante e confort\u00e1vel.","og_url":"https:\/\/cosrxskincare.eu\/pt-pt\/producto\/crema-todo-en-uno-advanced-snail-92\/","og_site_name":"Cosrx","article_modified_time":"2023-04-24T10:08:14+00:00","og_image":[{"width":800,"height":800,"url":"https:\/\/cosrxskincare.eu\/wp-content\/uploads\/2023\/04\/CRX012_8809416470016.jpg","type":"image\/jpeg"}],"twitter_card":"summary_large_image","twitter_misc":{"Tempo estimado de leitura":"1 minuto"},"schema":{"@context":"https:\/\/schema.org","@graph":[{"@type":"WebPage","@id":"https:\/\/cosrxskincare.eu\/pt-pt\/producto\/crema-todo-en-uno-advanced-snail-92\/","url":"https:\/\/cosrxskincare.eu\/pt-pt\/producto\/crema-todo-en-uno-advanced-snail-92\/","name":"Creme tudo em um Advanced Snail 92 - Cosrx","isPartOf":{"@id":"https:\/\/cosrxskincare.eu\/pt-pt\/#website"},"primaryImageOfPage":{"@id":"https:\/\/cosrxskincare.eu\/pt-pt\/producto\/crema-todo-en-uno-advanced-snail-92\/#primaryimage"},"image":{"@id":"https:\/\/cosrxskincare.eu\/pt-pt\/producto\/crema-todo-en-uno-advanced-snail-92\/#primaryimage"},"thumbnailUrl":"https:\/\/cosrxskincare.eu\/wp-content\/uploads\/2023\/04\/CRX012_8809416470016.jpg","datePublished":"2023-04-13T10:23:59+00:00","dateModified":"2023-04-24T10:08:14+00:00","breadcrumb":{"@id":"https:\/\/cosrxskincare.eu\/pt-pt\/producto\/crema-todo-en-uno-advanced-snail-92\/#breadcrumb"},"inLanguage":"pt-PT","potentialAction":[{"@type":"ReadAction","target":["https:\/\/cosrxskincare.eu\/pt-pt\/producto\/crema-todo-en-uno-advanced-snail-92\/"]}]},{"@type":"ImageObject","inLanguage":"pt-PT","@id":"https:\/\/cosrxskincare.eu\/pt-pt\/producto\/crema-todo-en-uno-advanced-snail-92\/#primaryimage","url":"https:\/\/cosrxskincare.eu\/wp-content\/uploads\/2023\/04\/CRX012_8809416470016.jpg","contentUrl":"https:\/\/cosrxskincare.eu\/wp-content\/uploads\/2023\/04\/CRX012_8809416470016.jpg","width":800,"height":800,"caption":"CRX012_8809416470016"},{"@type":"BreadcrumbList","@id":"https:\/\/cosrxskincare.eu\/pt-pt\/producto\/crema-todo-en-uno-advanced-snail-92\/#breadcrumb","itemListElement":[{"@type":"ListItem","position":1,"name":"Portada","item":"https:\/\/cosrxskincare.eu\/pt-pt\/"},{"@type":"ListItem","position":2,"name":"Tienda","item":"https:\/\/cosrxskincare.eu\/tienda\/"},{"@type":"ListItem","position":3,"name":"Creme tudo em um Advanced Snail 92"}]},{"@type":"WebSite","@id":"https:\/\/cosrxskincare.eu\/pt-pt\/#website","url":"https:\/\/cosrxskincare.eu\/pt-pt\/","name":"Cosrx","description":"Cosrx Europe","potentialAction":[{"@type":"SearchAction","target":{"@type":"EntryPoint","urlTemplate":"https:\/\/cosrxskincare.eu\/pt-pt\/?s={search_term_string}"},"query-input":{"@type":"PropertyValueSpecification","valueRequired":true,"valueName":"search_term_string"}}],"inLanguage":"pt-PT"}]}},"_links":{"self":[{"href":"https:\/\/cosrxskincare.eu\/pt-pt\/wp-json\/wp\/v2\/product\/20972","targetHints":{"allow":["GET"]}}],"collection":[{"href":"https:\/\/cosrxskincare.eu\/pt-pt\/wp-json\/wp\/v2\/product"}],"about":[{"href":"https:\/\/cosrxskincare.eu\/pt-pt\/wp-json\/wp\/v2\/types\/product"}],"replies":[{"embeddable":true,"href":"https:\/\/cosrxskincare.eu\/pt-pt\/wp-json\/wp\/v2\/comments?post=20972"}],"wp:featuredmedia":[{"embeddable":true,"href":"https:\/\/cosrxskincare.eu\/pt-pt\/wp-json\/wp\/v2\/media\/20910"}],"wp:attachment":[{"href":"https:\/\/cosrxskincare.eu\/pt-pt\/wp-json\/wp\/v2\/media?parent=20972"}],"wp:term":[{"taxonomy":"product_brand","embeddable":true,"href":"https:\/\/cosrxskincare.eu\/pt-pt\/wp-json\/wp\/v2\/product_brand?post=20972"},{"taxonomy":"product_cat","embeddable":true,"href":"https:\/\/cosrxskincare.eu\/pt-pt\/wp-json\/wp\/v2\/product_cat?post=20972"},{"taxonomy":"product_tag","embeddable":true,"href":"https:\/\/cosrxskincare.eu\/pt-pt\/wp-json\/wp\/v2\/product_tag?post=20972"}],"curies":[{"name":"wp","href":"https:\/\/api.w.org\/{rel}","templated":true}]}}