{"id":20974,"date":"2023-04-13T10:23:58","date_gmt":"2023-04-13T10:23:58","guid":{"rendered":"https:\/\/cosrxskincare.eu\/producto\/solucion-anti-poros-dilatados-two-in-one-poreless-power-liquid\/"},"modified":"2023-04-24T10:08:14","modified_gmt":"2023-04-24T10:08:14","slug":"solucion-anti-poros-dilatados-two-in-one-poreless-power-liquid","status":"publish","type":"product","link":"https:\/\/cosrxskincare.eu\/pt-pt\/producto\/solucion-anti-poros-dilatados-two-in-one-poreless-power-liquid\/","title":{"rendered":"Solu\u00e7\u00e3o Anti-poros dilatados Two In One\n  Poreless Power"},"content":{"rendered":"<h4>Modo de uso<\/h4>\n<p>Embeber as almofadas de algod\u00e3o no produto utilizando-as como m\u00e1scara tonificante durante 5 a 10 minutos na sua rotina de noite, especialmente em \u00e1reas com os poros mais dilatados ou com excesso de sebo. <\/p>\n<p><\/p>\n<h4>Ingredientes<\/h4>\n<p>Salix Alba (Willow) Bark Water, Butylene Glycol, Hydroxypropyl Cyclodextrin, Water, Pentylene Glycol, 1,2-Hexanediol, Betaine Salicylate, Arginine, Betaine, PEG-60 Hydrogenated Castor Oil, Allantoin, Panthenol, Ethylhexylglycerin, Sodium Hyaluronate, Carbomer, Cassia Obtusifolia Seed Extract, Menthyl Lactate, Mentha Haplocalix Extract.<\/p>\n","protected":false},"excerpt":{"rendered":"<p>2 em 1, ess\u00eancia-t\u00f3nico suavizante e tensor que reduz visivelmente a apar\u00eancia dos poros. Ideal para poros dilatados.<\/p>\n","protected":false},"featured_media":20963,"comment_status":"closed","ping_status":"closed","template":"","meta":[],"product_brand":[],"product_cat":[665],"product_tag":[],"class_list":{"0":"post-20974","1":"product","2":"type-product","3":"status-publish","4":"has-post-thumbnail","6":"product_cat-tonico-pt-pt","8":"first","9":"instock","10":"shipping-taxable","11":"purchasable","12":"product-type-simple"},"yoast_head":"<!-- This site is optimized with the Yoast SEO plugin v27.3 - https:\/\/yoast.com\/product\/yoast-seo-wordpress\/ -->\n<title>Solu\u00e7\u00e3o Anti-poros dilatados Two In One  Poreless Power - Cosrx<\/title>\n<meta name=\"robots\" content=\"index, follow, max-snippet:-1, max-image-preview:large, max-video-preview:-1\" \/>\n<link rel=\"canonical\" href=\"https:\/\/cosrxskincare.eu\/pt-pt\/producto\/solucion-anti-poros-dilatados-two-in-one-poreless-power-liquid\/\" \/>\n<meta property=\"og:locale\" content=\"pt_PT\" \/>\n<meta property=\"og:type\" content=\"article\" \/>\n<meta property=\"og:title\" content=\"Solu\u00e7\u00e3o Anti-poros dilatados Two In One  Poreless Power - Cosrx\" \/>\n<meta property=\"og:description\" content=\"2 em 1, ess\u00eancia-t\u00f3nico suavizante e tensor que reduz visivelmente a apar\u00eancia dos poros. Ideal para poros dilatados.\" \/>\n<meta property=\"og:url\" content=\"https:\/\/cosrxskincare.eu\/pt-pt\/producto\/solucion-anti-poros-dilatados-two-in-one-poreless-power-liquid\/\" \/>\n<meta property=\"og:site_name\" content=\"Cosrx\" \/>\n<meta property=\"article:modified_time\" content=\"2023-04-24T10:08:14+00:00\" \/>\n<meta property=\"og:image\" content=\"https:\/\/cosrxskincare.eu\/wp-content\/uploads\/2023\/04\/CRX010_8809416471655-1.jpg\" \/>\n\t<meta property=\"og:image:width\" content=\"800\" \/>\n\t<meta property=\"og:image:height\" content=\"800\" \/>\n\t<meta property=\"og:image:type\" content=\"image\/jpeg\" \/>\n<meta name=\"twitter:card\" content=\"summary_large_image\" \/>\n<script type=\"application\/ld+json\" class=\"yoast-schema-graph\">{\"@context\":\"https:\\\/\\\/schema.org\",\"@graph\":[{\"@type\":\"WebPage\",\"@id\":\"https:\\\/\\\/cosrxskincare.eu\\\/pt-pt\\\/producto\\\/solucion-anti-poros-dilatados-two-in-one-poreless-power-liquid\\\/\",\"url\":\"https:\\\/\\\/cosrxskincare.eu\\\/pt-pt\\\/producto\\\/solucion-anti-poros-dilatados-two-in-one-poreless-power-liquid\\\/\",\"name\":\"Solu\u00e7\u00e3o Anti-poros dilatados Two In One Poreless Power - Cosrx\",\"isPartOf\":{\"@id\":\"https:\\\/\\\/cosrxskincare.eu\\\/pt-pt\\\/#website\"},\"primaryImageOfPage\":{\"@id\":\"https:\\\/\\\/cosrxskincare.eu\\\/pt-pt\\\/producto\\\/solucion-anti-poros-dilatados-two-in-one-poreless-power-liquid\\\/#primaryimage\"},\"image\":{\"@id\":\"https:\\\/\\\/cosrxskincare.eu\\\/pt-pt\\\/producto\\\/solucion-anti-poros-dilatados-two-in-one-poreless-power-liquid\\\/#primaryimage\"},\"thumbnailUrl\":\"https:\\\/\\\/cosrxskincare.eu\\\/wp-content\\\/uploads\\\/2023\\\/04\\\/CRX010_8809416471655-1.jpg\",\"datePublished\":\"2023-04-13T10:23:58+00:00\",\"dateModified\":\"2023-04-24T10:08:14+00:00\",\"breadcrumb\":{\"@id\":\"https:\\\/\\\/cosrxskincare.eu\\\/pt-pt\\\/producto\\\/solucion-anti-poros-dilatados-two-in-one-poreless-power-liquid\\\/#breadcrumb\"},\"inLanguage\":\"pt-PT\",\"potentialAction\":[{\"@type\":\"ReadAction\",\"target\":[\"https:\\\/\\\/cosrxskincare.eu\\\/pt-pt\\\/producto\\\/solucion-anti-poros-dilatados-two-in-one-poreless-power-liquid\\\/\"]}]},{\"@type\":\"ImageObject\",\"inLanguage\":\"pt-PT\",\"@id\":\"https:\\\/\\\/cosrxskincare.eu\\\/pt-pt\\\/producto\\\/solucion-anti-poros-dilatados-two-in-one-poreless-power-liquid\\\/#primaryimage\",\"url\":\"https:\\\/\\\/cosrxskincare.eu\\\/wp-content\\\/uploads\\\/2023\\\/04\\\/CRX010_8809416471655-1.jpg\",\"contentUrl\":\"https:\\\/\\\/cosrxskincare.eu\\\/wp-content\\\/uploads\\\/2023\\\/04\\\/CRX010_8809416471655-1.jpg\",\"width\":800,\"height\":800},{\"@type\":\"BreadcrumbList\",\"@id\":\"https:\\\/\\\/cosrxskincare.eu\\\/pt-pt\\\/producto\\\/solucion-anti-poros-dilatados-two-in-one-poreless-power-liquid\\\/#breadcrumb\",\"itemListElement\":[{\"@type\":\"ListItem\",\"position\":1,\"name\":\"Portada\",\"item\":\"https:\\\/\\\/cosrxskincare.eu\\\/pt-pt\\\/\"},{\"@type\":\"ListItem\",\"position\":2,\"name\":\"Tienda\",\"item\":\"https:\\\/\\\/cosrxskincare.eu\\\/tienda\\\/\"},{\"@type\":\"ListItem\",\"position\":3,\"name\":\"Solu\u00e7\u00e3o Anti-poros dilatados Two In One Poreless Power\"}]},{\"@type\":\"WebSite\",\"@id\":\"https:\\\/\\\/cosrxskincare.eu\\\/pt-pt\\\/#website\",\"url\":\"https:\\\/\\\/cosrxskincare.eu\\\/pt-pt\\\/\",\"name\":\"Cosrx\",\"description\":\"Cosrx Europe\",\"potentialAction\":[{\"@type\":\"SearchAction\",\"target\":{\"@type\":\"EntryPoint\",\"urlTemplate\":\"https:\\\/\\\/cosrxskincare.eu\\\/pt-pt\\\/?s={search_term_string}\"},\"query-input\":{\"@type\":\"PropertyValueSpecification\",\"valueRequired\":true,\"valueName\":\"search_term_string\"}}],\"inLanguage\":\"pt-PT\"}]}<\/script>\n<!-- \/ Yoast SEO plugin. -->","yoast_head_json":{"title":"Solu\u00e7\u00e3o Anti-poros dilatados Two In One  Poreless Power - Cosrx","robots":{"index":"index","follow":"follow","max-snippet":"max-snippet:-1","max-image-preview":"max-image-preview:large","max-video-preview":"max-video-preview:-1"},"canonical":"https:\/\/cosrxskincare.eu\/pt-pt\/producto\/solucion-anti-poros-dilatados-two-in-one-poreless-power-liquid\/","og_locale":"pt_PT","og_type":"article","og_title":"Solu\u00e7\u00e3o Anti-poros dilatados Two In One  Poreless Power - Cosrx","og_description":"2 em 1, ess\u00eancia-t\u00f3nico suavizante e tensor que reduz visivelmente a apar\u00eancia dos poros. Ideal para poros dilatados.","og_url":"https:\/\/cosrxskincare.eu\/pt-pt\/producto\/solucion-anti-poros-dilatados-two-in-one-poreless-power-liquid\/","og_site_name":"Cosrx","article_modified_time":"2023-04-24T10:08:14+00:00","og_image":[{"width":800,"height":800,"url":"https:\/\/cosrxskincare.eu\/wp-content\/uploads\/2023\/04\/CRX010_8809416471655-1.jpg","type":"image\/jpeg"}],"twitter_card":"summary_large_image","schema":{"@context":"https:\/\/schema.org","@graph":[{"@type":"WebPage","@id":"https:\/\/cosrxskincare.eu\/pt-pt\/producto\/solucion-anti-poros-dilatados-two-in-one-poreless-power-liquid\/","url":"https:\/\/cosrxskincare.eu\/pt-pt\/producto\/solucion-anti-poros-dilatados-two-in-one-poreless-power-liquid\/","name":"Solu\u00e7\u00e3o Anti-poros dilatados Two In One Poreless Power - Cosrx","isPartOf":{"@id":"https:\/\/cosrxskincare.eu\/pt-pt\/#website"},"primaryImageOfPage":{"@id":"https:\/\/cosrxskincare.eu\/pt-pt\/producto\/solucion-anti-poros-dilatados-two-in-one-poreless-power-liquid\/#primaryimage"},"image":{"@id":"https:\/\/cosrxskincare.eu\/pt-pt\/producto\/solucion-anti-poros-dilatados-two-in-one-poreless-power-liquid\/#primaryimage"},"thumbnailUrl":"https:\/\/cosrxskincare.eu\/wp-content\/uploads\/2023\/04\/CRX010_8809416471655-1.jpg","datePublished":"2023-04-13T10:23:58+00:00","dateModified":"2023-04-24T10:08:14+00:00","breadcrumb":{"@id":"https:\/\/cosrxskincare.eu\/pt-pt\/producto\/solucion-anti-poros-dilatados-two-in-one-poreless-power-liquid\/#breadcrumb"},"inLanguage":"pt-PT","potentialAction":[{"@type":"ReadAction","target":["https:\/\/cosrxskincare.eu\/pt-pt\/producto\/solucion-anti-poros-dilatados-two-in-one-poreless-power-liquid\/"]}]},{"@type":"ImageObject","inLanguage":"pt-PT","@id":"https:\/\/cosrxskincare.eu\/pt-pt\/producto\/solucion-anti-poros-dilatados-two-in-one-poreless-power-liquid\/#primaryimage","url":"https:\/\/cosrxskincare.eu\/wp-content\/uploads\/2023\/04\/CRX010_8809416471655-1.jpg","contentUrl":"https:\/\/cosrxskincare.eu\/wp-content\/uploads\/2023\/04\/CRX010_8809416471655-1.jpg","width":800,"height":800},{"@type":"BreadcrumbList","@id":"https:\/\/cosrxskincare.eu\/pt-pt\/producto\/solucion-anti-poros-dilatados-two-in-one-poreless-power-liquid\/#breadcrumb","itemListElement":[{"@type":"ListItem","position":1,"name":"Portada","item":"https:\/\/cosrxskincare.eu\/pt-pt\/"},{"@type":"ListItem","position":2,"name":"Tienda","item":"https:\/\/cosrxskincare.eu\/tienda\/"},{"@type":"ListItem","position":3,"name":"Solu\u00e7\u00e3o Anti-poros dilatados Two In One Poreless Power"}]},{"@type":"WebSite","@id":"https:\/\/cosrxskincare.eu\/pt-pt\/#website","url":"https:\/\/cosrxskincare.eu\/pt-pt\/","name":"Cosrx","description":"Cosrx Europe","potentialAction":[{"@type":"SearchAction","target":{"@type":"EntryPoint","urlTemplate":"https:\/\/cosrxskincare.eu\/pt-pt\/?s={search_term_string}"},"query-input":{"@type":"PropertyValueSpecification","valueRequired":true,"valueName":"search_term_string"}}],"inLanguage":"pt-PT"}]}},"_links":{"self":[{"href":"https:\/\/cosrxskincare.eu\/pt-pt\/wp-json\/wp\/v2\/product\/20974","targetHints":{"allow":["GET"]}}],"collection":[{"href":"https:\/\/cosrxskincare.eu\/pt-pt\/wp-json\/wp\/v2\/product"}],"about":[{"href":"https:\/\/cosrxskincare.eu\/pt-pt\/wp-json\/wp\/v2\/types\/product"}],"replies":[{"embeddable":true,"href":"https:\/\/cosrxskincare.eu\/pt-pt\/wp-json\/wp\/v2\/comments?post=20974"}],"wp:featuredmedia":[{"embeddable":true,"href":"https:\/\/cosrxskincare.eu\/pt-pt\/wp-json\/wp\/v2\/media\/20963"}],"wp:attachment":[{"href":"https:\/\/cosrxskincare.eu\/pt-pt\/wp-json\/wp\/v2\/media?parent=20974"}],"wp:term":[{"taxonomy":"product_brand","embeddable":true,"href":"https:\/\/cosrxskincare.eu\/pt-pt\/wp-json\/wp\/v2\/product_brand?post=20974"},{"taxonomy":"product_cat","embeddable":true,"href":"https:\/\/cosrxskincare.eu\/pt-pt\/wp-json\/wp\/v2\/product_cat?post=20974"},{"taxonomy":"product_tag","embeddable":true,"href":"https:\/\/cosrxskincare.eu\/pt-pt\/wp-json\/wp\/v2\/product_tag?post=20974"}],"curies":[{"name":"wp","href":"https:\/\/api.w.org\/{rel}","templated":true}]}}