{"id":20975,"date":"2023-04-13T10:23:57","date_gmt":"2023-04-13T10:23:57","guid":{"rendered":"https:\/\/cosrxskincare.eu\/producto\/discos-multifuncion-one-step-original-clear-pad\/"},"modified":"2023-04-26T07:34:29","modified_gmt":"2023-04-26T07:34:29","slug":"discos-multifuncion-one-step-original-clear-pad","status":"publish","type":"product","link":"https:\/\/cosrxskincare.eu\/pt-pt\/producto\/discos-multifuncion-one-step-original-clear-pad\/","title":{"rendered":"Discos de Limpeza\n  One Step Original Clear Pad\u00a0"},"content":{"rendered":"<h4>Modo de uso<\/h4>\n<p>Deslizar uma almofada de algod\u00e3o sobre todo o rosto. Primeiro com o lado rugoso e depois com o lado suave. O produto n\u00e3o deve ser enxaguado. Basta rejeitar o disco de algod\u00e3o e esperar que a sua pele absorva a ess\u00eancia antes de prosseguir com os passos seguintes. Pode ser utilizado diariamente.<\/p>\n<p><\/p>\n<h4>Ingredientes<\/h4>\n<p>Salix Alba (Willow) Bark Water, Butylene Glycol, Glycerin, Betaine Salicylate, 1,2-Hexanediol, Arginine, PEG-60 Hydrogenated Castor Oil, Panthenol, Allantoin, Ethyl Hexanediol, Citrus Aurantium Dulcis (Orange) Peel Oil, Melaleuca Alternifolia (Tea Tree) Leaf Oil, Sodium Hydroxide, Sodium Hyaluronate.<\/p>\n","protected":false},"excerpt":{"rendered":"<p>Discos de algod\u00e3o macio embebido em ess\u00eancia para remover as c\u00e9lulas mortas da pele e o excesso de sebo.<\/p>\n","protected":false},"featured_media":20907,"comment_status":"closed","ping_status":"closed","template":"","meta":[],"product_brand":[],"product_cat":[665],"product_tag":[],"class_list":{"0":"post-20975","1":"product","2":"type-product","3":"status-publish","4":"has-post-thumbnail","6":"product_cat-tonico-pt-pt","8":"first","9":"instock","10":"shipping-taxable","11":"purchasable","12":"product-type-simple"},"yoast_head":"<!-- This site is optimized with the Yoast SEO plugin v27.3 - https:\/\/yoast.com\/product\/yoast-seo-wordpress\/ -->\n<title>Discos de Limpeza  One Step Original Clear Pad\u00a0 - Cosrx<\/title>\n<meta name=\"robots\" content=\"index, follow, max-snippet:-1, max-image-preview:large, max-video-preview:-1\" \/>\n<link rel=\"canonical\" href=\"https:\/\/cosrxskincare.eu\/pt-pt\/producto\/discos-multifuncion-one-step-original-clear-pad\/\" \/>\n<meta property=\"og:locale\" content=\"pt_PT\" \/>\n<meta property=\"og:type\" content=\"article\" \/>\n<meta property=\"og:title\" content=\"Discos de Limpeza  One Step Original Clear Pad\u00a0 - Cosrx\" \/>\n<meta property=\"og:description\" content=\"Discos de algod\u00e3o macio embebido em ess\u00eancia para remover as c\u00e9lulas mortas da pele e o excesso de sebo.\" \/>\n<meta property=\"og:url\" content=\"https:\/\/cosrxskincare.eu\/pt-pt\/producto\/discos-multifuncion-one-step-original-clear-pad\/\" \/>\n<meta property=\"og:site_name\" content=\"Cosrx\" \/>\n<meta property=\"article:modified_time\" content=\"2023-04-26T07:34:29+00:00\" \/>\n<meta property=\"og:image\" content=\"https:\/\/cosrxskincare.eu\/wp-content\/uploads\/2023\/04\/crx009@28.jpg\" \/>\n\t<meta property=\"og:image:width\" content=\"800\" \/>\n\t<meta property=\"og:image:height\" content=\"800\" \/>\n\t<meta property=\"og:image:type\" content=\"image\/jpeg\" \/>\n<meta name=\"twitter:card\" content=\"summary_large_image\" \/>\n<script type=\"application\/ld+json\" class=\"yoast-schema-graph\">{\"@context\":\"https:\\\/\\\/schema.org\",\"@graph\":[{\"@type\":\"WebPage\",\"@id\":\"https:\\\/\\\/cosrxskincare.eu\\\/pt-pt\\\/producto\\\/discos-multifuncion-one-step-original-clear-pad\\\/\",\"url\":\"https:\\\/\\\/cosrxskincare.eu\\\/pt-pt\\\/producto\\\/discos-multifuncion-one-step-original-clear-pad\\\/\",\"name\":\"Discos de Limpeza One Step Original Clear Pad\u00a0 - Cosrx\",\"isPartOf\":{\"@id\":\"https:\\\/\\\/cosrxskincare.eu\\\/pt-pt\\\/#website\"},\"primaryImageOfPage\":{\"@id\":\"https:\\\/\\\/cosrxskincare.eu\\\/pt-pt\\\/producto\\\/discos-multifuncion-one-step-original-clear-pad\\\/#primaryimage\"},\"image\":{\"@id\":\"https:\\\/\\\/cosrxskincare.eu\\\/pt-pt\\\/producto\\\/discos-multifuncion-one-step-original-clear-pad\\\/#primaryimage\"},\"thumbnailUrl\":\"https:\\\/\\\/cosrxskincare.eu\\\/wp-content\\\/uploads\\\/2023\\\/04\\\/crx009@28.jpg\",\"datePublished\":\"2023-04-13T10:23:57+00:00\",\"dateModified\":\"2023-04-26T07:34:29+00:00\",\"breadcrumb\":{\"@id\":\"https:\\\/\\\/cosrxskincare.eu\\\/pt-pt\\\/producto\\\/discos-multifuncion-one-step-original-clear-pad\\\/#breadcrumb\"},\"inLanguage\":\"pt-PT\",\"potentialAction\":[{\"@type\":\"ReadAction\",\"target\":[\"https:\\\/\\\/cosrxskincare.eu\\\/pt-pt\\\/producto\\\/discos-multifuncion-one-step-original-clear-pad\\\/\"]}]},{\"@type\":\"ImageObject\",\"inLanguage\":\"pt-PT\",\"@id\":\"https:\\\/\\\/cosrxskincare.eu\\\/pt-pt\\\/producto\\\/discos-multifuncion-one-step-original-clear-pad\\\/#primaryimage\",\"url\":\"https:\\\/\\\/cosrxskincare.eu\\\/wp-content\\\/uploads\\\/2023\\\/04\\\/crx009@28.jpg\",\"contentUrl\":\"https:\\\/\\\/cosrxskincare.eu\\\/wp-content\\\/uploads\\\/2023\\\/04\\\/crx009@28.jpg\",\"width\":800,\"height\":800},{\"@type\":\"BreadcrumbList\",\"@id\":\"https:\\\/\\\/cosrxskincare.eu\\\/pt-pt\\\/producto\\\/discos-multifuncion-one-step-original-clear-pad\\\/#breadcrumb\",\"itemListElement\":[{\"@type\":\"ListItem\",\"position\":1,\"name\":\"Portada\",\"item\":\"https:\\\/\\\/cosrxskincare.eu\\\/pt-pt\\\/\"},{\"@type\":\"ListItem\",\"position\":2,\"name\":\"Tienda\",\"item\":\"https:\\\/\\\/cosrxskincare.eu\\\/tienda\\\/\"},{\"@type\":\"ListItem\",\"position\":3,\"name\":\"Discos de Limpeza One Step Original Clear Pad\u00a0\"}]},{\"@type\":\"WebSite\",\"@id\":\"https:\\\/\\\/cosrxskincare.eu\\\/pt-pt\\\/#website\",\"url\":\"https:\\\/\\\/cosrxskincare.eu\\\/pt-pt\\\/\",\"name\":\"Cosrx\",\"description\":\"Cosrx Europe\",\"potentialAction\":[{\"@type\":\"SearchAction\",\"target\":{\"@type\":\"EntryPoint\",\"urlTemplate\":\"https:\\\/\\\/cosrxskincare.eu\\\/pt-pt\\\/?s={search_term_string}\"},\"query-input\":{\"@type\":\"PropertyValueSpecification\",\"valueRequired\":true,\"valueName\":\"search_term_string\"}}],\"inLanguage\":\"pt-PT\"}]}<\/script>\n<!-- \/ Yoast SEO plugin. -->","yoast_head_json":{"title":"Discos de Limpeza  One Step Original Clear Pad\u00a0 - Cosrx","robots":{"index":"index","follow":"follow","max-snippet":"max-snippet:-1","max-image-preview":"max-image-preview:large","max-video-preview":"max-video-preview:-1"},"canonical":"https:\/\/cosrxskincare.eu\/pt-pt\/producto\/discos-multifuncion-one-step-original-clear-pad\/","og_locale":"pt_PT","og_type":"article","og_title":"Discos de Limpeza  One Step Original Clear Pad\u00a0 - Cosrx","og_description":"Discos de algod\u00e3o macio embebido em ess\u00eancia para remover as c\u00e9lulas mortas da pele e o excesso de sebo.","og_url":"https:\/\/cosrxskincare.eu\/pt-pt\/producto\/discos-multifuncion-one-step-original-clear-pad\/","og_site_name":"Cosrx","article_modified_time":"2023-04-26T07:34:29+00:00","og_image":[{"width":800,"height":800,"url":"https:\/\/cosrxskincare.eu\/wp-content\/uploads\/2023\/04\/crx009@28.jpg","type":"image\/jpeg"}],"twitter_card":"summary_large_image","schema":{"@context":"https:\/\/schema.org","@graph":[{"@type":"WebPage","@id":"https:\/\/cosrxskincare.eu\/pt-pt\/producto\/discos-multifuncion-one-step-original-clear-pad\/","url":"https:\/\/cosrxskincare.eu\/pt-pt\/producto\/discos-multifuncion-one-step-original-clear-pad\/","name":"Discos de Limpeza One Step Original Clear Pad\u00a0 - Cosrx","isPartOf":{"@id":"https:\/\/cosrxskincare.eu\/pt-pt\/#website"},"primaryImageOfPage":{"@id":"https:\/\/cosrxskincare.eu\/pt-pt\/producto\/discos-multifuncion-one-step-original-clear-pad\/#primaryimage"},"image":{"@id":"https:\/\/cosrxskincare.eu\/pt-pt\/producto\/discos-multifuncion-one-step-original-clear-pad\/#primaryimage"},"thumbnailUrl":"https:\/\/cosrxskincare.eu\/wp-content\/uploads\/2023\/04\/crx009@28.jpg","datePublished":"2023-04-13T10:23:57+00:00","dateModified":"2023-04-26T07:34:29+00:00","breadcrumb":{"@id":"https:\/\/cosrxskincare.eu\/pt-pt\/producto\/discos-multifuncion-one-step-original-clear-pad\/#breadcrumb"},"inLanguage":"pt-PT","potentialAction":[{"@type":"ReadAction","target":["https:\/\/cosrxskincare.eu\/pt-pt\/producto\/discos-multifuncion-one-step-original-clear-pad\/"]}]},{"@type":"ImageObject","inLanguage":"pt-PT","@id":"https:\/\/cosrxskincare.eu\/pt-pt\/producto\/discos-multifuncion-one-step-original-clear-pad\/#primaryimage","url":"https:\/\/cosrxskincare.eu\/wp-content\/uploads\/2023\/04\/crx009@28.jpg","contentUrl":"https:\/\/cosrxskincare.eu\/wp-content\/uploads\/2023\/04\/crx009@28.jpg","width":800,"height":800},{"@type":"BreadcrumbList","@id":"https:\/\/cosrxskincare.eu\/pt-pt\/producto\/discos-multifuncion-one-step-original-clear-pad\/#breadcrumb","itemListElement":[{"@type":"ListItem","position":1,"name":"Portada","item":"https:\/\/cosrxskincare.eu\/pt-pt\/"},{"@type":"ListItem","position":2,"name":"Tienda","item":"https:\/\/cosrxskincare.eu\/tienda\/"},{"@type":"ListItem","position":3,"name":"Discos de Limpeza One Step Original Clear Pad\u00a0"}]},{"@type":"WebSite","@id":"https:\/\/cosrxskincare.eu\/pt-pt\/#website","url":"https:\/\/cosrxskincare.eu\/pt-pt\/","name":"Cosrx","description":"Cosrx Europe","potentialAction":[{"@type":"SearchAction","target":{"@type":"EntryPoint","urlTemplate":"https:\/\/cosrxskincare.eu\/pt-pt\/?s={search_term_string}"},"query-input":{"@type":"PropertyValueSpecification","valueRequired":true,"valueName":"search_term_string"}}],"inLanguage":"pt-PT"}]}},"_links":{"self":[{"href":"https:\/\/cosrxskincare.eu\/pt-pt\/wp-json\/wp\/v2\/product\/20975","targetHints":{"allow":["GET"]}}],"collection":[{"href":"https:\/\/cosrxskincare.eu\/pt-pt\/wp-json\/wp\/v2\/product"}],"about":[{"href":"https:\/\/cosrxskincare.eu\/pt-pt\/wp-json\/wp\/v2\/types\/product"}],"replies":[{"embeddable":true,"href":"https:\/\/cosrxskincare.eu\/pt-pt\/wp-json\/wp\/v2\/comments?post=20975"}],"wp:featuredmedia":[{"embeddable":true,"href":"https:\/\/cosrxskincare.eu\/pt-pt\/wp-json\/wp\/v2\/media\/20907"}],"wp:attachment":[{"href":"https:\/\/cosrxskincare.eu\/pt-pt\/wp-json\/wp\/v2\/media?parent=20975"}],"wp:term":[{"taxonomy":"product_brand","embeddable":true,"href":"https:\/\/cosrxskincare.eu\/pt-pt\/wp-json\/wp\/v2\/product_brand?post=20975"},{"taxonomy":"product_cat","embeddable":true,"href":"https:\/\/cosrxskincare.eu\/pt-pt\/wp-json\/wp\/v2\/product_cat?post=20975"},{"taxonomy":"product_tag","embeddable":true,"href":"https:\/\/cosrxskincare.eu\/pt-pt\/wp-json\/wp\/v2\/product_tag?post=20975"}],"curies":[{"name":"wp","href":"https:\/\/api.w.org\/{rel}","templated":true}]}}