{"id":20976,"date":"2023-04-13T10:23:56","date_gmt":"2023-04-13T10:23:56","guid":{"rendered":"https:\/\/cosrxskincare.eu\/producto\/locion-ultra-hidratante-oil-free\/"},"modified":"2023-04-24T10:08:23","modified_gmt":"2023-04-24T10:08:23","slug":"locion-ultra-hidratante-oil-free","status":"publish","type":"product","link":"https:\/\/cosrxskincare.eu\/pt-pt\/producto\/locion-ultra-hidratante-oil-free\/","title":{"rendered":"Lo\u00e7\u00e3o Ultra-hidratante Oil Free"},"content":{"rendered":"<h4>Modo de uso<\/h4>\n<p>N\u00e3o h\u00e1 necessidade de tocar diretamente no conte\u00fado da embalagem. Al\u00e9m disso, \u00e9 mais f\u00e1cil dispensar a quantidade certa usando a pump.<\/p>\n<p><\/p>\n<h4>Ingredientes<\/h4>\n<p>Betula Platyphylla Japonica Juice, Butylene Glycol, Glycerin, Dimethicone, Betaine, Cetearyl Alcohol, 1,2-Hexanediol, Cetearyl Olivate, Sorbitan Olivate, Hydroxyethyl Acrylate\/Sodium Acryloyldimethyl Taurate Copolymer, Ethylhexylglycerin, Citrus Medica Limonum (Lemon) Peel Oil, Allantoin, Panthenol, Xanthan Gum, Sodium Lactate, Sodium Hyaluronate, Ethyl Hexanediol, Melaleuca Alternifolia (Tea Tree) Leaf Oil<\/p>\n","protected":false},"excerpt":{"rendered":"<p>Lo\u00e7\u00e3o hidratante di\u00e1ria para todos os tipos de pele e todas as situa\u00e7\u00f5es. Absorve rapidamente sobre a pele sem deixar qualquer res\u00edduo gorduroso, tornando-a adequada at\u00e9 para peles oleosas e mistas. Para a pele seca, tamb\u00e9m pode ser utilizado como um b\u00e1sico di\u00e1rio, uma vez que a seiva de b\u00e9tula \u00e9 eficaz em restaurar e manter os n\u00edveis de hidrata\u00e7\u00e3o.<\/p>\n","protected":false},"featured_media":20942,"comment_status":"closed","ping_status":"closed","template":"","meta":[],"product_brand":[],"product_cat":[662],"product_tag":[],"class_list":{"0":"post-20976","1":"product","2":"type-product","3":"status-publish","4":"has-post-thumbnail","6":"product_cat-hidratante-pt-pt","8":"first","9":"instock","10":"shipping-taxable","11":"purchasable","12":"product-type-simple"},"yoast_head":"<!-- This site is optimized with the Yoast SEO plugin v27.3 - https:\/\/yoast.com\/product\/yoast-seo-wordpress\/ -->\n<title>Lo\u00e7\u00e3o Ultra-hidratante Oil Free - Cosrx<\/title>\n<meta name=\"robots\" content=\"index, follow, max-snippet:-1, max-image-preview:large, max-video-preview:-1\" \/>\n<link rel=\"canonical\" href=\"https:\/\/cosrxskincare.eu\/pt-pt\/producto\/locion-ultra-hidratante-oil-free\/\" \/>\n<meta property=\"og:locale\" content=\"pt_PT\" \/>\n<meta property=\"og:type\" content=\"article\" \/>\n<meta property=\"og:title\" content=\"Lo\u00e7\u00e3o Ultra-hidratante Oil Free - Cosrx\" \/>\n<meta property=\"og:description\" content=\"Lo\u00e7\u00e3o hidratante di\u00e1ria para todos os tipos de pele e todas as situa\u00e7\u00f5es. Absorve rapidamente sobre a pele sem deixar qualquer res\u00edduo gorduroso, tornando-a adequada at\u00e9 para peles oleosas e mistas. Para a pele seca, tamb\u00e9m pode ser utilizado como um b\u00e1sico di\u00e1rio, uma vez que a seiva de b\u00e9tula \u00e9 eficaz em restaurar e manter os n\u00edveis de hidrata\u00e7\u00e3o.\" \/>\n<meta property=\"og:url\" content=\"https:\/\/cosrxskincare.eu\/pt-pt\/producto\/locion-ultra-hidratante-oil-free\/\" \/>\n<meta property=\"og:site_name\" content=\"Cosrx\" \/>\n<meta property=\"article:modified_time\" content=\"2023-04-24T10:08:23+00:00\" \/>\n<meta property=\"og:image\" content=\"https:\/\/cosrxskincare.eu\/wp-content\/uploads\/2023\/04\/CRX008_8809416470559.jpg\" \/>\n\t<meta property=\"og:image:width\" content=\"800\" \/>\n\t<meta property=\"og:image:height\" content=\"800\" \/>\n\t<meta property=\"og:image:type\" content=\"image\/jpeg\" \/>\n<meta name=\"twitter:card\" content=\"summary_large_image\" \/>\n<meta name=\"twitter:label1\" content=\"Tempo estimado de leitura\" \/>\n\t<meta name=\"twitter:data1\" content=\"1 minuto\" \/>\n<script type=\"application\/ld+json\" class=\"yoast-schema-graph\">{\"@context\":\"https:\\\/\\\/schema.org\",\"@graph\":[{\"@type\":\"WebPage\",\"@id\":\"https:\\\/\\\/cosrxskincare.eu\\\/pt-pt\\\/producto\\\/locion-ultra-hidratante-oil-free\\\/\",\"url\":\"https:\\\/\\\/cosrxskincare.eu\\\/pt-pt\\\/producto\\\/locion-ultra-hidratante-oil-free\\\/\",\"name\":\"Lo\u00e7\u00e3o Ultra-hidratante Oil Free - Cosrx\",\"isPartOf\":{\"@id\":\"https:\\\/\\\/cosrxskincare.eu\\\/pt-pt\\\/#website\"},\"primaryImageOfPage\":{\"@id\":\"https:\\\/\\\/cosrxskincare.eu\\\/pt-pt\\\/producto\\\/locion-ultra-hidratante-oil-free\\\/#primaryimage\"},\"image\":{\"@id\":\"https:\\\/\\\/cosrxskincare.eu\\\/pt-pt\\\/producto\\\/locion-ultra-hidratante-oil-free\\\/#primaryimage\"},\"thumbnailUrl\":\"https:\\\/\\\/cosrxskincare.eu\\\/wp-content\\\/uploads\\\/2023\\\/04\\\/CRX008_8809416470559.jpg\",\"datePublished\":\"2023-04-13T10:23:56+00:00\",\"dateModified\":\"2023-04-24T10:08:23+00:00\",\"breadcrumb\":{\"@id\":\"https:\\\/\\\/cosrxskincare.eu\\\/pt-pt\\\/producto\\\/locion-ultra-hidratante-oil-free\\\/#breadcrumb\"},\"inLanguage\":\"pt-PT\",\"potentialAction\":[{\"@type\":\"ReadAction\",\"target\":[\"https:\\\/\\\/cosrxskincare.eu\\\/pt-pt\\\/producto\\\/locion-ultra-hidratante-oil-free\\\/\"]}]},{\"@type\":\"ImageObject\",\"inLanguage\":\"pt-PT\",\"@id\":\"https:\\\/\\\/cosrxskincare.eu\\\/pt-pt\\\/producto\\\/locion-ultra-hidratante-oil-free\\\/#primaryimage\",\"url\":\"https:\\\/\\\/cosrxskincare.eu\\\/wp-content\\\/uploads\\\/2023\\\/04\\\/CRX008_8809416470559.jpg\",\"contentUrl\":\"https:\\\/\\\/cosrxskincare.eu\\\/wp-content\\\/uploads\\\/2023\\\/04\\\/CRX008_8809416470559.jpg\",\"width\":800,\"height\":800},{\"@type\":\"BreadcrumbList\",\"@id\":\"https:\\\/\\\/cosrxskincare.eu\\\/pt-pt\\\/producto\\\/locion-ultra-hidratante-oil-free\\\/#breadcrumb\",\"itemListElement\":[{\"@type\":\"ListItem\",\"position\":1,\"name\":\"Portada\",\"item\":\"https:\\\/\\\/cosrxskincare.eu\\\/pt-pt\\\/\"},{\"@type\":\"ListItem\",\"position\":2,\"name\":\"Tienda\",\"item\":\"https:\\\/\\\/cosrxskincare.eu\\\/tienda\\\/\"},{\"@type\":\"ListItem\",\"position\":3,\"name\":\"Lo\u00e7\u00e3o Ultra-hidratante Oil Free\"}]},{\"@type\":\"WebSite\",\"@id\":\"https:\\\/\\\/cosrxskincare.eu\\\/pt-pt\\\/#website\",\"url\":\"https:\\\/\\\/cosrxskincare.eu\\\/pt-pt\\\/\",\"name\":\"Cosrx\",\"description\":\"Cosrx Europe\",\"potentialAction\":[{\"@type\":\"SearchAction\",\"target\":{\"@type\":\"EntryPoint\",\"urlTemplate\":\"https:\\\/\\\/cosrxskincare.eu\\\/pt-pt\\\/?s={search_term_string}\"},\"query-input\":{\"@type\":\"PropertyValueSpecification\",\"valueRequired\":true,\"valueName\":\"search_term_string\"}}],\"inLanguage\":\"pt-PT\"}]}<\/script>\n<!-- \/ Yoast SEO plugin. -->","yoast_head_json":{"title":"Lo\u00e7\u00e3o Ultra-hidratante Oil Free - Cosrx","robots":{"index":"index","follow":"follow","max-snippet":"max-snippet:-1","max-image-preview":"max-image-preview:large","max-video-preview":"max-video-preview:-1"},"canonical":"https:\/\/cosrxskincare.eu\/pt-pt\/producto\/locion-ultra-hidratante-oil-free\/","og_locale":"pt_PT","og_type":"article","og_title":"Lo\u00e7\u00e3o Ultra-hidratante Oil Free - Cosrx","og_description":"Lo\u00e7\u00e3o hidratante di\u00e1ria para todos os tipos de pele e todas as situa\u00e7\u00f5es. Absorve rapidamente sobre a pele sem deixar qualquer res\u00edduo gorduroso, tornando-a adequada at\u00e9 para peles oleosas e mistas. Para a pele seca, tamb\u00e9m pode ser utilizado como um b\u00e1sico di\u00e1rio, uma vez que a seiva de b\u00e9tula \u00e9 eficaz em restaurar e manter os n\u00edveis de hidrata\u00e7\u00e3o.","og_url":"https:\/\/cosrxskincare.eu\/pt-pt\/producto\/locion-ultra-hidratante-oil-free\/","og_site_name":"Cosrx","article_modified_time":"2023-04-24T10:08:23+00:00","og_image":[{"width":800,"height":800,"url":"https:\/\/cosrxskincare.eu\/wp-content\/uploads\/2023\/04\/CRX008_8809416470559.jpg","type":"image\/jpeg"}],"twitter_card":"summary_large_image","twitter_misc":{"Tempo estimado de leitura":"1 minuto"},"schema":{"@context":"https:\/\/schema.org","@graph":[{"@type":"WebPage","@id":"https:\/\/cosrxskincare.eu\/pt-pt\/producto\/locion-ultra-hidratante-oil-free\/","url":"https:\/\/cosrxskincare.eu\/pt-pt\/producto\/locion-ultra-hidratante-oil-free\/","name":"Lo\u00e7\u00e3o Ultra-hidratante Oil Free - Cosrx","isPartOf":{"@id":"https:\/\/cosrxskincare.eu\/pt-pt\/#website"},"primaryImageOfPage":{"@id":"https:\/\/cosrxskincare.eu\/pt-pt\/producto\/locion-ultra-hidratante-oil-free\/#primaryimage"},"image":{"@id":"https:\/\/cosrxskincare.eu\/pt-pt\/producto\/locion-ultra-hidratante-oil-free\/#primaryimage"},"thumbnailUrl":"https:\/\/cosrxskincare.eu\/wp-content\/uploads\/2023\/04\/CRX008_8809416470559.jpg","datePublished":"2023-04-13T10:23:56+00:00","dateModified":"2023-04-24T10:08:23+00:00","breadcrumb":{"@id":"https:\/\/cosrxskincare.eu\/pt-pt\/producto\/locion-ultra-hidratante-oil-free\/#breadcrumb"},"inLanguage":"pt-PT","potentialAction":[{"@type":"ReadAction","target":["https:\/\/cosrxskincare.eu\/pt-pt\/producto\/locion-ultra-hidratante-oil-free\/"]}]},{"@type":"ImageObject","inLanguage":"pt-PT","@id":"https:\/\/cosrxskincare.eu\/pt-pt\/producto\/locion-ultra-hidratante-oil-free\/#primaryimage","url":"https:\/\/cosrxskincare.eu\/wp-content\/uploads\/2023\/04\/CRX008_8809416470559.jpg","contentUrl":"https:\/\/cosrxskincare.eu\/wp-content\/uploads\/2023\/04\/CRX008_8809416470559.jpg","width":800,"height":800},{"@type":"BreadcrumbList","@id":"https:\/\/cosrxskincare.eu\/pt-pt\/producto\/locion-ultra-hidratante-oil-free\/#breadcrumb","itemListElement":[{"@type":"ListItem","position":1,"name":"Portada","item":"https:\/\/cosrxskincare.eu\/pt-pt\/"},{"@type":"ListItem","position":2,"name":"Tienda","item":"https:\/\/cosrxskincare.eu\/tienda\/"},{"@type":"ListItem","position":3,"name":"Lo\u00e7\u00e3o Ultra-hidratante Oil Free"}]},{"@type":"WebSite","@id":"https:\/\/cosrxskincare.eu\/pt-pt\/#website","url":"https:\/\/cosrxskincare.eu\/pt-pt\/","name":"Cosrx","description":"Cosrx Europe","potentialAction":[{"@type":"SearchAction","target":{"@type":"EntryPoint","urlTemplate":"https:\/\/cosrxskincare.eu\/pt-pt\/?s={search_term_string}"},"query-input":{"@type":"PropertyValueSpecification","valueRequired":true,"valueName":"search_term_string"}}],"inLanguage":"pt-PT"}]}},"_links":{"self":[{"href":"https:\/\/cosrxskincare.eu\/pt-pt\/wp-json\/wp\/v2\/product\/20976","targetHints":{"allow":["GET"]}}],"collection":[{"href":"https:\/\/cosrxskincare.eu\/pt-pt\/wp-json\/wp\/v2\/product"}],"about":[{"href":"https:\/\/cosrxskincare.eu\/pt-pt\/wp-json\/wp\/v2\/types\/product"}],"replies":[{"embeddable":true,"href":"https:\/\/cosrxskincare.eu\/pt-pt\/wp-json\/wp\/v2\/comments?post=20976"}],"wp:featuredmedia":[{"embeddable":true,"href":"https:\/\/cosrxskincare.eu\/pt-pt\/wp-json\/wp\/v2\/media\/20942"}],"wp:attachment":[{"href":"https:\/\/cosrxskincare.eu\/pt-pt\/wp-json\/wp\/v2\/media?parent=20976"}],"wp:term":[{"taxonomy":"product_brand","embeddable":true,"href":"https:\/\/cosrxskincare.eu\/pt-pt\/wp-json\/wp\/v2\/product_brand?post=20976"},{"taxonomy":"product_cat","embeddable":true,"href":"https:\/\/cosrxskincare.eu\/pt-pt\/wp-json\/wp\/v2\/product_cat?post=20976"},{"taxonomy":"product_tag","embeddable":true,"href":"https:\/\/cosrxskincare.eu\/pt-pt\/wp-json\/wp\/v2\/product_tag?post=20976"}],"curies":[{"name":"wp","href":"https:\/\/api.w.org\/{rel}","templated":true}]}}