{"id":20977,"date":"2023-04-13T10:23:55","date_gmt":"2023-04-13T10:23:55","guid":{"rendered":"https:\/\/cosrxskincare.eu\/producto\/limpiador-low-ph-good-morning\/"},"modified":"2023-04-24T10:08:23","modified_gmt":"2023-04-24T10:08:23","slug":"limpiador-low-ph-good-morning","status":"publish","type":"product","link":"https:\/\/cosrxskincare.eu\/pt-pt\/producto\/limpiador-low-ph-good-morning\/","title":{"rendered":"Gel de limpeza pH \u00e1cido Good Morning"},"content":{"rendered":"<h4>Modo de uso<\/h4>\n<p>Aplicar uma quantidade de produto do tamanho de uma am\u00eandoa na ponta dos dedos e, com o rosto previamente humedecido, massajar at\u00e9 que se forme uma agrad\u00e1vel espuma. Remover abundantemente com \u00e1gua e desfrutar de uma pele fresca e sem impurezas. Utilizar diariamente, de manh\u00e3 e \u00e0 noite.<\/p>\n<p><\/p>\n<h4>Ingredientes<\/h4>\n<p>Water, Cocamidopropyl Betaine, Sodium Lauroyl Methyl Isethionate, Polysorbate 20, Styrax Japonicus Branch\/Fruit\/Leaf Extract, Butylene Glycol, Saccharomyces Ferment, Cryptomeria Japonica Leaf Extract, Nelumbo Nucifera Leaf Extract, Pinus Palustris Leaf Extract, Ulmus Davidiana Root Extract, Oenothera Biennis (Evening Primrose) Flower Extract, Pueraria Lobata Root Extract, Melaleuca Alternifolia (Tea Tree) Leaf Oil, Allantoin, Caprylyl Glycol, Ethylhexylglycerin, Betaine Salicylate, Citric Acid, Ethyl Hexanediol, 1,2-Hexanediol, Trisodium Ethylenediamine Disuccinate, Sodium Benzoate, Disodium EDTA<\/p>\n","protected":false},"excerpt":{"rendered":"<p>Gel de limpeza suave com um pH ligeiramente \u00e1cido, removendo as impurezas enquanto refor\u00e7a a barreira cut\u00e2nea. Enquanto refina a textura da pele, o produto limpa sem deixar vest\u00edgios. Ideal para todos os tipos de pele.<\/p>\n","protected":false},"featured_media":20905,"comment_status":"closed","ping_status":"closed","template":"","meta":[],"product_brand":[],"product_cat":[666],"product_tag":[],"class_list":{"0":"post-20977","1":"product","2":"type-product","3":"status-publish","4":"has-post-thumbnail","6":"product_cat-limpador","8":"first","9":"instock","10":"shipping-taxable","11":"purchasable","12":"product-type-simple"},"yoast_head":"<!-- This site is optimized with the Yoast SEO plugin v27.3 - https:\/\/yoast.com\/product\/yoast-seo-wordpress\/ -->\n<title>Gel de limpeza pH \u00e1cido Good Morning - Cosrx<\/title>\n<meta name=\"robots\" content=\"index, follow, max-snippet:-1, max-image-preview:large, max-video-preview:-1\" \/>\n<link rel=\"canonical\" href=\"https:\/\/cosrxskincare.eu\/pt-pt\/producto\/limpiador-low-ph-good-morning\/\" \/>\n<meta property=\"og:locale\" content=\"pt_PT\" \/>\n<meta property=\"og:type\" content=\"article\" \/>\n<meta property=\"og:title\" content=\"Gel de limpeza pH \u00e1cido Good Morning - Cosrx\" \/>\n<meta property=\"og:description\" content=\"Gel de limpeza suave com um pH ligeiramente \u00e1cido, removendo as impurezas enquanto refor\u00e7a a barreira cut\u00e2nea. Enquanto refina a textura da pele, o produto limpa sem deixar vest\u00edgios. Ideal para todos os tipos de pele.\" \/>\n<meta property=\"og:url\" content=\"https:\/\/cosrxskincare.eu\/pt-pt\/producto\/limpiador-low-ph-good-morning\/\" \/>\n<meta property=\"og:site_name\" content=\"Cosrx\" \/>\n<meta property=\"article:modified_time\" content=\"2023-04-24T10:08:23+00:00\" \/>\n<meta property=\"og:image\" content=\"https:\/\/cosrxskincare.eu\/wp-content\/uploads\/2023\/04\/crx007@94.jpg\" \/>\n\t<meta property=\"og:image:width\" content=\"800\" \/>\n\t<meta property=\"og:image:height\" content=\"800\" \/>\n\t<meta property=\"og:image:type\" content=\"image\/jpeg\" \/>\n<meta name=\"twitter:card\" content=\"summary_large_image\" \/>\n<meta name=\"twitter:label1\" content=\"Tempo estimado de leitura\" \/>\n\t<meta name=\"twitter:data1\" content=\"1 minuto\" \/>\n<script type=\"application\/ld+json\" class=\"yoast-schema-graph\">{\"@context\":\"https:\\\/\\\/schema.org\",\"@graph\":[{\"@type\":\"WebPage\",\"@id\":\"https:\\\/\\\/cosrxskincare.eu\\\/pt-pt\\\/producto\\\/limpiador-low-ph-good-morning\\\/\",\"url\":\"https:\\\/\\\/cosrxskincare.eu\\\/pt-pt\\\/producto\\\/limpiador-low-ph-good-morning\\\/\",\"name\":\"Gel de limpeza pH \u00e1cido Good Morning - Cosrx\",\"isPartOf\":{\"@id\":\"https:\\\/\\\/cosrxskincare.eu\\\/pt-pt\\\/#website\"},\"primaryImageOfPage\":{\"@id\":\"https:\\\/\\\/cosrxskincare.eu\\\/pt-pt\\\/producto\\\/limpiador-low-ph-good-morning\\\/#primaryimage\"},\"image\":{\"@id\":\"https:\\\/\\\/cosrxskincare.eu\\\/pt-pt\\\/producto\\\/limpiador-low-ph-good-morning\\\/#primaryimage\"},\"thumbnailUrl\":\"https:\\\/\\\/cosrxskincare.eu\\\/wp-content\\\/uploads\\\/2023\\\/04\\\/crx007@94.jpg\",\"datePublished\":\"2023-04-13T10:23:55+00:00\",\"dateModified\":\"2023-04-24T10:08:23+00:00\",\"breadcrumb\":{\"@id\":\"https:\\\/\\\/cosrxskincare.eu\\\/pt-pt\\\/producto\\\/limpiador-low-ph-good-morning\\\/#breadcrumb\"},\"inLanguage\":\"pt-PT\",\"potentialAction\":[{\"@type\":\"ReadAction\",\"target\":[\"https:\\\/\\\/cosrxskincare.eu\\\/pt-pt\\\/producto\\\/limpiador-low-ph-good-morning\\\/\"]}]},{\"@type\":\"ImageObject\",\"inLanguage\":\"pt-PT\",\"@id\":\"https:\\\/\\\/cosrxskincare.eu\\\/pt-pt\\\/producto\\\/limpiador-low-ph-good-morning\\\/#primaryimage\",\"url\":\"https:\\\/\\\/cosrxskincare.eu\\\/wp-content\\\/uploads\\\/2023\\\/04\\\/crx007@94.jpg\",\"contentUrl\":\"https:\\\/\\\/cosrxskincare.eu\\\/wp-content\\\/uploads\\\/2023\\\/04\\\/crx007@94.jpg\",\"width\":800,\"height\":800},{\"@type\":\"BreadcrumbList\",\"@id\":\"https:\\\/\\\/cosrxskincare.eu\\\/pt-pt\\\/producto\\\/limpiador-low-ph-good-morning\\\/#breadcrumb\",\"itemListElement\":[{\"@type\":\"ListItem\",\"position\":1,\"name\":\"Portada\",\"item\":\"https:\\\/\\\/cosrxskincare.eu\\\/pt-pt\\\/\"},{\"@type\":\"ListItem\",\"position\":2,\"name\":\"Tienda\",\"item\":\"https:\\\/\\\/cosrxskincare.eu\\\/tienda\\\/\"},{\"@type\":\"ListItem\",\"position\":3,\"name\":\"Gel de limpeza pH \u00e1cido Good Morning\"}]},{\"@type\":\"WebSite\",\"@id\":\"https:\\\/\\\/cosrxskincare.eu\\\/pt-pt\\\/#website\",\"url\":\"https:\\\/\\\/cosrxskincare.eu\\\/pt-pt\\\/\",\"name\":\"Cosrx\",\"description\":\"Cosrx Europe\",\"potentialAction\":[{\"@type\":\"SearchAction\",\"target\":{\"@type\":\"EntryPoint\",\"urlTemplate\":\"https:\\\/\\\/cosrxskincare.eu\\\/pt-pt\\\/?s={search_term_string}\"},\"query-input\":{\"@type\":\"PropertyValueSpecification\",\"valueRequired\":true,\"valueName\":\"search_term_string\"}}],\"inLanguage\":\"pt-PT\"}]}<\/script>\n<!-- \/ Yoast SEO plugin. -->","yoast_head_json":{"title":"Gel de limpeza pH \u00e1cido Good Morning - Cosrx","robots":{"index":"index","follow":"follow","max-snippet":"max-snippet:-1","max-image-preview":"max-image-preview:large","max-video-preview":"max-video-preview:-1"},"canonical":"https:\/\/cosrxskincare.eu\/pt-pt\/producto\/limpiador-low-ph-good-morning\/","og_locale":"pt_PT","og_type":"article","og_title":"Gel de limpeza pH \u00e1cido Good Morning - Cosrx","og_description":"Gel de limpeza suave com um pH ligeiramente \u00e1cido, removendo as impurezas enquanto refor\u00e7a a barreira cut\u00e2nea. Enquanto refina a textura da pele, o produto limpa sem deixar vest\u00edgios. Ideal para todos os tipos de pele.","og_url":"https:\/\/cosrxskincare.eu\/pt-pt\/producto\/limpiador-low-ph-good-morning\/","og_site_name":"Cosrx","article_modified_time":"2023-04-24T10:08:23+00:00","og_image":[{"width":800,"height":800,"url":"https:\/\/cosrxskincare.eu\/wp-content\/uploads\/2023\/04\/crx007@94.jpg","type":"image\/jpeg"}],"twitter_card":"summary_large_image","twitter_misc":{"Tempo estimado de leitura":"1 minuto"},"schema":{"@context":"https:\/\/schema.org","@graph":[{"@type":"WebPage","@id":"https:\/\/cosrxskincare.eu\/pt-pt\/producto\/limpiador-low-ph-good-morning\/","url":"https:\/\/cosrxskincare.eu\/pt-pt\/producto\/limpiador-low-ph-good-morning\/","name":"Gel de limpeza pH \u00e1cido Good Morning - Cosrx","isPartOf":{"@id":"https:\/\/cosrxskincare.eu\/pt-pt\/#website"},"primaryImageOfPage":{"@id":"https:\/\/cosrxskincare.eu\/pt-pt\/producto\/limpiador-low-ph-good-morning\/#primaryimage"},"image":{"@id":"https:\/\/cosrxskincare.eu\/pt-pt\/producto\/limpiador-low-ph-good-morning\/#primaryimage"},"thumbnailUrl":"https:\/\/cosrxskincare.eu\/wp-content\/uploads\/2023\/04\/crx007@94.jpg","datePublished":"2023-04-13T10:23:55+00:00","dateModified":"2023-04-24T10:08:23+00:00","breadcrumb":{"@id":"https:\/\/cosrxskincare.eu\/pt-pt\/producto\/limpiador-low-ph-good-morning\/#breadcrumb"},"inLanguage":"pt-PT","potentialAction":[{"@type":"ReadAction","target":["https:\/\/cosrxskincare.eu\/pt-pt\/producto\/limpiador-low-ph-good-morning\/"]}]},{"@type":"ImageObject","inLanguage":"pt-PT","@id":"https:\/\/cosrxskincare.eu\/pt-pt\/producto\/limpiador-low-ph-good-morning\/#primaryimage","url":"https:\/\/cosrxskincare.eu\/wp-content\/uploads\/2023\/04\/crx007@94.jpg","contentUrl":"https:\/\/cosrxskincare.eu\/wp-content\/uploads\/2023\/04\/crx007@94.jpg","width":800,"height":800},{"@type":"BreadcrumbList","@id":"https:\/\/cosrxskincare.eu\/pt-pt\/producto\/limpiador-low-ph-good-morning\/#breadcrumb","itemListElement":[{"@type":"ListItem","position":1,"name":"Portada","item":"https:\/\/cosrxskincare.eu\/pt-pt\/"},{"@type":"ListItem","position":2,"name":"Tienda","item":"https:\/\/cosrxskincare.eu\/tienda\/"},{"@type":"ListItem","position":3,"name":"Gel de limpeza pH \u00e1cido Good Morning"}]},{"@type":"WebSite","@id":"https:\/\/cosrxskincare.eu\/pt-pt\/#website","url":"https:\/\/cosrxskincare.eu\/pt-pt\/","name":"Cosrx","description":"Cosrx Europe","potentialAction":[{"@type":"SearchAction","target":{"@type":"EntryPoint","urlTemplate":"https:\/\/cosrxskincare.eu\/pt-pt\/?s={search_term_string}"},"query-input":{"@type":"PropertyValueSpecification","valueRequired":true,"valueName":"search_term_string"}}],"inLanguage":"pt-PT"}]}},"_links":{"self":[{"href":"https:\/\/cosrxskincare.eu\/pt-pt\/wp-json\/wp\/v2\/product\/20977","targetHints":{"allow":["GET"]}}],"collection":[{"href":"https:\/\/cosrxskincare.eu\/pt-pt\/wp-json\/wp\/v2\/product"}],"about":[{"href":"https:\/\/cosrxskincare.eu\/pt-pt\/wp-json\/wp\/v2\/types\/product"}],"replies":[{"embeddable":true,"href":"https:\/\/cosrxskincare.eu\/pt-pt\/wp-json\/wp\/v2\/comments?post=20977"}],"wp:featuredmedia":[{"embeddable":true,"href":"https:\/\/cosrxskincare.eu\/pt-pt\/wp-json\/wp\/v2\/media\/20905"}],"wp:attachment":[{"href":"https:\/\/cosrxskincare.eu\/pt-pt\/wp-json\/wp\/v2\/media?parent=20977"}],"wp:term":[{"taxonomy":"product_brand","embeddable":true,"href":"https:\/\/cosrxskincare.eu\/pt-pt\/wp-json\/wp\/v2\/product_brand?post=20977"},{"taxonomy":"product_cat","embeddable":true,"href":"https:\/\/cosrxskincare.eu\/pt-pt\/wp-json\/wp\/v2\/product_cat?post=20977"},{"taxonomy":"product_tag","embeddable":true,"href":"https:\/\/cosrxskincare.eu\/pt-pt\/wp-json\/wp\/v2\/product_tag?post=20977"}],"curies":[{"name":"wp","href":"https:\/\/api.w.org\/{rel}","templated":true}]}}