{"id":20980,"date":"2023-04-13T10:23:53","date_gmt":"2023-04-13T10:23:53","guid":{"rendered":"https:\/\/cosrxskincare.eu\/producto\/solucion-exfoliante-aha-7-whitehead-power-liquid\/"},"modified":"2023-04-24T10:08:31","modified_gmt":"2023-04-24T10:08:31","slug":"solucion-exfoliante-aha-7-whitehead-power-liquid","status":"publish","type":"product","link":"https:\/\/cosrxskincare.eu\/pt-pt\/producto\/solucion-exfoliante-aha-7-whitehead-power-liquid\/","title":{"rendered":"Solu\u00e7\u00e3o esfoliante AHA 7 Whitehead Power"},"content":{"rendered":"<h4>Modo de uso<\/h4>\n<p>Estender uma pequena quantidade da solu\u00e7\u00e3o sobre os dedos e aplic\u00e1-lo no rosto com pequenos toques. <\/p>\n<p><\/p>\n<h4>Ingredientes<\/h4>\n<p>Pyrus Malus (Apple) Fruit Water, Butylene Glycol, Glycolic Acid, Niacinamide, Sodium Hydroxide, 1,2-Hexanediol, Panthenol, Sodium Hyaluronate, Xanthan Gum, Ethyl Hexanediol<\/p>\n","protected":false},"excerpt":{"rendered":"<p>Solu\u00e7\u00e3o de esfolia\u00e7\u00e3o qu\u00edmica para uma pele mais clara e luminosa. Formulada com \u00e1cido glic\u00f3lico (AHA) a 7%, esfolia suavemente a pele e ajuda a revelar uma tez radiante. Alcan\u00e7a uma pele mais uniforme e sem comod\u00f5es fechados (pontos brancos).<\/p>\n","protected":false},"featured_media":20939,"comment_status":"closed","ping_status":"closed","template":"","meta":[],"product_brand":[],"product_cat":[667,668],"product_tag":[],"class_list":{"0":"post-20980","1":"product","2":"type-product","3":"status-publish","4":"has-post-thumbnail","6":"product_cat-aha-bha-pt-pt","7":"product_cat-esfoliante","9":"first","10":"instock","11":"shipping-taxable","12":"purchasable","13":"product-type-simple"},"yoast_head":"<!-- This site is optimized with the Yoast SEO plugin v27.3 - https:\/\/yoast.com\/product\/yoast-seo-wordpress\/ -->\n<title>Solu\u00e7\u00e3o esfoliante AHA 7 Whitehead Power - Cosrx<\/title>\n<meta name=\"robots\" content=\"index, follow, max-snippet:-1, max-image-preview:large, max-video-preview:-1\" \/>\n<link rel=\"canonical\" href=\"https:\/\/cosrxskincare.eu\/pt-pt\/producto\/solucion-exfoliante-aha-7-whitehead-power-liquid\/\" \/>\n<meta property=\"og:locale\" content=\"pt_PT\" \/>\n<meta property=\"og:type\" content=\"article\" \/>\n<meta property=\"og:title\" content=\"Solu\u00e7\u00e3o esfoliante AHA 7 Whitehead Power - Cosrx\" \/>\n<meta property=\"og:description\" content=\"Solu\u00e7\u00e3o de esfolia\u00e7\u00e3o qu\u00edmica para uma pele mais clara e luminosa. Formulada com \u00e1cido glic\u00f3lico (AHA) a 7%, esfolia suavemente a pele e ajuda a revelar uma tez radiante. Alcan\u00e7a uma pele mais uniforme e sem comod\u00f5es fechados (pontos brancos).\" \/>\n<meta property=\"og:url\" content=\"https:\/\/cosrxskincare.eu\/pt-pt\/producto\/solucion-exfoliante-aha-7-whitehead-power-liquid\/\" \/>\n<meta property=\"og:site_name\" content=\"Cosrx\" \/>\n<meta property=\"article:modified_time\" content=\"2023-04-24T10:08:31+00:00\" \/>\n<meta property=\"og:image\" content=\"https:\/\/cosrxskincare.eu\/wp-content\/uploads\/2023\/04\/CRX004_8809416470047.jpg\" \/>\n\t<meta property=\"og:image:width\" content=\"800\" \/>\n\t<meta property=\"og:image:height\" content=\"800\" \/>\n\t<meta property=\"og:image:type\" content=\"image\/jpeg\" \/>\n<meta name=\"twitter:card\" content=\"summary_large_image\" \/>\n<meta name=\"twitter:label1\" content=\"Tempo estimado de leitura\" \/>\n\t<meta name=\"twitter:data1\" content=\"1 minuto\" \/>\n<script type=\"application\/ld+json\" class=\"yoast-schema-graph\">{\"@context\":\"https:\\\/\\\/schema.org\",\"@graph\":[{\"@type\":\"WebPage\",\"@id\":\"https:\\\/\\\/cosrxskincare.eu\\\/pt-pt\\\/producto\\\/solucion-exfoliante-aha-7-whitehead-power-liquid\\\/\",\"url\":\"https:\\\/\\\/cosrxskincare.eu\\\/pt-pt\\\/producto\\\/solucion-exfoliante-aha-7-whitehead-power-liquid\\\/\",\"name\":\"Solu\u00e7\u00e3o esfoliante AHA 7 Whitehead Power - Cosrx\",\"isPartOf\":{\"@id\":\"https:\\\/\\\/cosrxskincare.eu\\\/pt-pt\\\/#website\"},\"primaryImageOfPage\":{\"@id\":\"https:\\\/\\\/cosrxskincare.eu\\\/pt-pt\\\/producto\\\/solucion-exfoliante-aha-7-whitehead-power-liquid\\\/#primaryimage\"},\"image\":{\"@id\":\"https:\\\/\\\/cosrxskincare.eu\\\/pt-pt\\\/producto\\\/solucion-exfoliante-aha-7-whitehead-power-liquid\\\/#primaryimage\"},\"thumbnailUrl\":\"https:\\\/\\\/cosrxskincare.eu\\\/wp-content\\\/uploads\\\/2023\\\/04\\\/CRX004_8809416470047.jpg\",\"datePublished\":\"2023-04-13T10:23:53+00:00\",\"dateModified\":\"2023-04-24T10:08:31+00:00\",\"breadcrumb\":{\"@id\":\"https:\\\/\\\/cosrxskincare.eu\\\/pt-pt\\\/producto\\\/solucion-exfoliante-aha-7-whitehead-power-liquid\\\/#breadcrumb\"},\"inLanguage\":\"pt-PT\",\"potentialAction\":[{\"@type\":\"ReadAction\",\"target\":[\"https:\\\/\\\/cosrxskincare.eu\\\/pt-pt\\\/producto\\\/solucion-exfoliante-aha-7-whitehead-power-liquid\\\/\"]}]},{\"@type\":\"ImageObject\",\"inLanguage\":\"pt-PT\",\"@id\":\"https:\\\/\\\/cosrxskincare.eu\\\/pt-pt\\\/producto\\\/solucion-exfoliante-aha-7-whitehead-power-liquid\\\/#primaryimage\",\"url\":\"https:\\\/\\\/cosrxskincare.eu\\\/wp-content\\\/uploads\\\/2023\\\/04\\\/CRX004_8809416470047.jpg\",\"contentUrl\":\"https:\\\/\\\/cosrxskincare.eu\\\/wp-content\\\/uploads\\\/2023\\\/04\\\/CRX004_8809416470047.jpg\",\"width\":800,\"height\":800},{\"@type\":\"BreadcrumbList\",\"@id\":\"https:\\\/\\\/cosrxskincare.eu\\\/pt-pt\\\/producto\\\/solucion-exfoliante-aha-7-whitehead-power-liquid\\\/#breadcrumb\",\"itemListElement\":[{\"@type\":\"ListItem\",\"position\":1,\"name\":\"Portada\",\"item\":\"https:\\\/\\\/cosrxskincare.eu\\\/pt-pt\\\/\"},{\"@type\":\"ListItem\",\"position\":2,\"name\":\"Tienda\",\"item\":\"https:\\\/\\\/cosrxskincare.eu\\\/tienda\\\/\"},{\"@type\":\"ListItem\",\"position\":3,\"name\":\"Solu\u00e7\u00e3o esfoliante AHA 7 Whitehead Power\"}]},{\"@type\":\"WebSite\",\"@id\":\"https:\\\/\\\/cosrxskincare.eu\\\/pt-pt\\\/#website\",\"url\":\"https:\\\/\\\/cosrxskincare.eu\\\/pt-pt\\\/\",\"name\":\"Cosrx\",\"description\":\"Cosrx Europe\",\"potentialAction\":[{\"@type\":\"SearchAction\",\"target\":{\"@type\":\"EntryPoint\",\"urlTemplate\":\"https:\\\/\\\/cosrxskincare.eu\\\/pt-pt\\\/?s={search_term_string}\"},\"query-input\":{\"@type\":\"PropertyValueSpecification\",\"valueRequired\":true,\"valueName\":\"search_term_string\"}}],\"inLanguage\":\"pt-PT\"}]}<\/script>\n<!-- \/ Yoast SEO plugin. -->","yoast_head_json":{"title":"Solu\u00e7\u00e3o esfoliante AHA 7 Whitehead Power - Cosrx","robots":{"index":"index","follow":"follow","max-snippet":"max-snippet:-1","max-image-preview":"max-image-preview:large","max-video-preview":"max-video-preview:-1"},"canonical":"https:\/\/cosrxskincare.eu\/pt-pt\/producto\/solucion-exfoliante-aha-7-whitehead-power-liquid\/","og_locale":"pt_PT","og_type":"article","og_title":"Solu\u00e7\u00e3o esfoliante AHA 7 Whitehead Power - Cosrx","og_description":"Solu\u00e7\u00e3o de esfolia\u00e7\u00e3o qu\u00edmica para uma pele mais clara e luminosa. Formulada com \u00e1cido glic\u00f3lico (AHA) a 7%, esfolia suavemente a pele e ajuda a revelar uma tez radiante. Alcan\u00e7a uma pele mais uniforme e sem comod\u00f5es fechados (pontos brancos).","og_url":"https:\/\/cosrxskincare.eu\/pt-pt\/producto\/solucion-exfoliante-aha-7-whitehead-power-liquid\/","og_site_name":"Cosrx","article_modified_time":"2023-04-24T10:08:31+00:00","og_image":[{"width":800,"height":800,"url":"https:\/\/cosrxskincare.eu\/wp-content\/uploads\/2023\/04\/CRX004_8809416470047.jpg","type":"image\/jpeg"}],"twitter_card":"summary_large_image","twitter_misc":{"Tempo estimado de leitura":"1 minuto"},"schema":{"@context":"https:\/\/schema.org","@graph":[{"@type":"WebPage","@id":"https:\/\/cosrxskincare.eu\/pt-pt\/producto\/solucion-exfoliante-aha-7-whitehead-power-liquid\/","url":"https:\/\/cosrxskincare.eu\/pt-pt\/producto\/solucion-exfoliante-aha-7-whitehead-power-liquid\/","name":"Solu\u00e7\u00e3o esfoliante AHA 7 Whitehead Power - Cosrx","isPartOf":{"@id":"https:\/\/cosrxskincare.eu\/pt-pt\/#website"},"primaryImageOfPage":{"@id":"https:\/\/cosrxskincare.eu\/pt-pt\/producto\/solucion-exfoliante-aha-7-whitehead-power-liquid\/#primaryimage"},"image":{"@id":"https:\/\/cosrxskincare.eu\/pt-pt\/producto\/solucion-exfoliante-aha-7-whitehead-power-liquid\/#primaryimage"},"thumbnailUrl":"https:\/\/cosrxskincare.eu\/wp-content\/uploads\/2023\/04\/CRX004_8809416470047.jpg","datePublished":"2023-04-13T10:23:53+00:00","dateModified":"2023-04-24T10:08:31+00:00","breadcrumb":{"@id":"https:\/\/cosrxskincare.eu\/pt-pt\/producto\/solucion-exfoliante-aha-7-whitehead-power-liquid\/#breadcrumb"},"inLanguage":"pt-PT","potentialAction":[{"@type":"ReadAction","target":["https:\/\/cosrxskincare.eu\/pt-pt\/producto\/solucion-exfoliante-aha-7-whitehead-power-liquid\/"]}]},{"@type":"ImageObject","inLanguage":"pt-PT","@id":"https:\/\/cosrxskincare.eu\/pt-pt\/producto\/solucion-exfoliante-aha-7-whitehead-power-liquid\/#primaryimage","url":"https:\/\/cosrxskincare.eu\/wp-content\/uploads\/2023\/04\/CRX004_8809416470047.jpg","contentUrl":"https:\/\/cosrxskincare.eu\/wp-content\/uploads\/2023\/04\/CRX004_8809416470047.jpg","width":800,"height":800},{"@type":"BreadcrumbList","@id":"https:\/\/cosrxskincare.eu\/pt-pt\/producto\/solucion-exfoliante-aha-7-whitehead-power-liquid\/#breadcrumb","itemListElement":[{"@type":"ListItem","position":1,"name":"Portada","item":"https:\/\/cosrxskincare.eu\/pt-pt\/"},{"@type":"ListItem","position":2,"name":"Tienda","item":"https:\/\/cosrxskincare.eu\/tienda\/"},{"@type":"ListItem","position":3,"name":"Solu\u00e7\u00e3o esfoliante AHA 7 Whitehead Power"}]},{"@type":"WebSite","@id":"https:\/\/cosrxskincare.eu\/pt-pt\/#website","url":"https:\/\/cosrxskincare.eu\/pt-pt\/","name":"Cosrx","description":"Cosrx Europe","potentialAction":[{"@type":"SearchAction","target":{"@type":"EntryPoint","urlTemplate":"https:\/\/cosrxskincare.eu\/pt-pt\/?s={search_term_string}"},"query-input":{"@type":"PropertyValueSpecification","valueRequired":true,"valueName":"search_term_string"}}],"inLanguage":"pt-PT"}]}},"_links":{"self":[{"href":"https:\/\/cosrxskincare.eu\/pt-pt\/wp-json\/wp\/v2\/product\/20980","targetHints":{"allow":["GET"]}}],"collection":[{"href":"https:\/\/cosrxskincare.eu\/pt-pt\/wp-json\/wp\/v2\/product"}],"about":[{"href":"https:\/\/cosrxskincare.eu\/pt-pt\/wp-json\/wp\/v2\/types\/product"}],"replies":[{"embeddable":true,"href":"https:\/\/cosrxskincare.eu\/pt-pt\/wp-json\/wp\/v2\/comments?post=20980"}],"wp:featuredmedia":[{"embeddable":true,"href":"https:\/\/cosrxskincare.eu\/pt-pt\/wp-json\/wp\/v2\/media\/20939"}],"wp:attachment":[{"href":"https:\/\/cosrxskincare.eu\/pt-pt\/wp-json\/wp\/v2\/media?parent=20980"}],"wp:term":[{"taxonomy":"product_brand","embeddable":true,"href":"https:\/\/cosrxskincare.eu\/pt-pt\/wp-json\/wp\/v2\/product_brand?post=20980"},{"taxonomy":"product_cat","embeddable":true,"href":"https:\/\/cosrxskincare.eu\/pt-pt\/wp-json\/wp\/v2\/product_cat?post=20980"},{"taxonomy":"product_tag","embeddable":true,"href":"https:\/\/cosrxskincare.eu\/pt-pt\/wp-json\/wp\/v2\/product_tag?post=20980"}],"curies":[{"name":"wp","href":"https:\/\/api.w.org\/{rel}","templated":true}]}}