{"id":20981,"date":"2023-04-13T10:23:52","date_gmt":"2023-04-13T10:23:52","guid":{"rendered":"https:\/\/cosrxskincare.eu\/producto\/esencia-advanced-snail-96-mucin-power\/"},"modified":"2023-04-24T10:08:32","modified_gmt":"2023-04-24T10:08:32","slug":"esencia-advanced-snail-96-mucin-power","status":"publish","type":"product","link":"https:\/\/cosrxskincare.eu\/pt-pt\/producto\/esencia-advanced-snail-96-mucin-power\/","title":{"rendered":"Ess\u00eancia Advanced Snail 96 Mucin Power"},"content":{"rendered":"<h4>Modo de uso<\/h4>\n<p>Dispensar 2 pumps de ess\u00eancia nas palmas das m\u00e3os e no rosto, pesco\u00e7o e decote. Pressionar com as palmas das m\u00e3os para favorecer a absor\u00e7\u00e3o do produto.<\/p>\n<p><\/p>\n<h4>Ingredientes<\/h4>\n<p>Snail Secretion Filtrate, Betaine, Butylene Glycol, 1,2-Hexanediol, Sodium Polyacrylate, Phenoxyethanol, Sodium Hyaluronate, Allantoin, Ethyl Hexanediol, Carbomer, Panthenol, Arginine<\/p>\n","protected":false},"excerpt":{"rendered":"<p>Ess\u00eancia ligeira que absorve rapidamente conferindo-lhe um brilho natural. Criada a partir de um filtrado de mucina de caracol altamente concentrado, esta ess\u00eancia aporta nutri\u00e7\u00e3o, previne e repara os danos cut\u00e2neos gra\u00e7as ao seu efeito regenerador. Mant\u00e9m a pele hidratada, luminosa e saud\u00e1vel ao longo de todo o dia sem deixar qualquer res\u00edduo.<\/p>\n","protected":false},"featured_media":20901,"comment_status":"closed","ping_status":"closed","template":"","meta":[],"product_brand":[],"product_cat":[669,663],"product_tag":[],"class_list":{"0":"post-20981","1":"product","2":"type-product","3":"status-publish","4":"has-post-thumbnail","6":"product_cat-essencia","7":"product_cat-snail-pt-pt","9":"first","10":"instock","11":"shipping-taxable","12":"purchasable","13":"product-type-simple"},"yoast_head":"<!-- This site is optimized with the Yoast SEO plugin v27.3 - https:\/\/yoast.com\/product\/yoast-seo-wordpress\/ -->\n<title>Ess\u00eancia Advanced Snail 96 Mucin Power - Cosrx<\/title>\n<meta name=\"robots\" content=\"index, follow, max-snippet:-1, max-image-preview:large, max-video-preview:-1\" \/>\n<link rel=\"canonical\" href=\"https:\/\/cosrxskincare.eu\/pt-pt\/producto\/esencia-advanced-snail-96-mucin-power\/\" \/>\n<meta property=\"og:locale\" content=\"pt_PT\" \/>\n<meta property=\"og:type\" content=\"article\" \/>\n<meta property=\"og:title\" content=\"Ess\u00eancia Advanced Snail 96 Mucin Power - Cosrx\" \/>\n<meta property=\"og:description\" content=\"Ess\u00eancia ligeira que absorve rapidamente conferindo-lhe um brilho natural. Criada a partir de um filtrado de mucina de caracol altamente concentrado, esta ess\u00eancia aporta nutri\u00e7\u00e3o, previne e repara os danos cut\u00e2neos gra\u00e7as ao seu efeito regenerador. Mant\u00e9m a pele hidratada, luminosa e saud\u00e1vel ao longo de todo o dia sem deixar qualquer res\u00edduo.\" \/>\n<meta property=\"og:url\" content=\"https:\/\/cosrxskincare.eu\/pt-pt\/producto\/esencia-advanced-snail-96-mucin-power\/\" \/>\n<meta property=\"og:site_name\" content=\"Cosrx\" \/>\n<meta property=\"article:modified_time\" content=\"2023-04-24T10:08:32+00:00\" \/>\n<meta property=\"og:image\" content=\"https:\/\/cosrxskincare.eu\/wp-content\/uploads\/2023\/04\/crx003@88.jpg\" \/>\n\t<meta property=\"og:image:width\" content=\"800\" \/>\n\t<meta property=\"og:image:height\" content=\"800\" \/>\n\t<meta property=\"og:image:type\" content=\"image\/jpeg\" \/>\n<meta name=\"twitter:card\" content=\"summary_large_image\" \/>\n<script type=\"application\/ld+json\" class=\"yoast-schema-graph\">{\"@context\":\"https:\\\/\\\/schema.org\",\"@graph\":[{\"@type\":\"WebPage\",\"@id\":\"https:\\\/\\\/cosrxskincare.eu\\\/pt-pt\\\/producto\\\/esencia-advanced-snail-96-mucin-power\\\/\",\"url\":\"https:\\\/\\\/cosrxskincare.eu\\\/pt-pt\\\/producto\\\/esencia-advanced-snail-96-mucin-power\\\/\",\"name\":\"Ess\u00eancia Advanced Snail 96 Mucin Power - Cosrx\",\"isPartOf\":{\"@id\":\"https:\\\/\\\/cosrxskincare.eu\\\/pt-pt\\\/#website\"},\"primaryImageOfPage\":{\"@id\":\"https:\\\/\\\/cosrxskincare.eu\\\/pt-pt\\\/producto\\\/esencia-advanced-snail-96-mucin-power\\\/#primaryimage\"},\"image\":{\"@id\":\"https:\\\/\\\/cosrxskincare.eu\\\/pt-pt\\\/producto\\\/esencia-advanced-snail-96-mucin-power\\\/#primaryimage\"},\"thumbnailUrl\":\"https:\\\/\\\/cosrxskincare.eu\\\/wp-content\\\/uploads\\\/2023\\\/04\\\/crx003@88.jpg\",\"datePublished\":\"2023-04-13T10:23:52+00:00\",\"dateModified\":\"2023-04-24T10:08:32+00:00\",\"breadcrumb\":{\"@id\":\"https:\\\/\\\/cosrxskincare.eu\\\/pt-pt\\\/producto\\\/esencia-advanced-snail-96-mucin-power\\\/#breadcrumb\"},\"inLanguage\":\"pt-PT\",\"potentialAction\":[{\"@type\":\"ReadAction\",\"target\":[\"https:\\\/\\\/cosrxskincare.eu\\\/pt-pt\\\/producto\\\/esencia-advanced-snail-96-mucin-power\\\/\"]}]},{\"@type\":\"ImageObject\",\"inLanguage\":\"pt-PT\",\"@id\":\"https:\\\/\\\/cosrxskincare.eu\\\/pt-pt\\\/producto\\\/esencia-advanced-snail-96-mucin-power\\\/#primaryimage\",\"url\":\"https:\\\/\\\/cosrxskincare.eu\\\/wp-content\\\/uploads\\\/2023\\\/04\\\/crx003@88.jpg\",\"contentUrl\":\"https:\\\/\\\/cosrxskincare.eu\\\/wp-content\\\/uploads\\\/2023\\\/04\\\/crx003@88.jpg\",\"width\":800,\"height\":800,\"caption\":\"CRX003\"},{\"@type\":\"BreadcrumbList\",\"@id\":\"https:\\\/\\\/cosrxskincare.eu\\\/pt-pt\\\/producto\\\/esencia-advanced-snail-96-mucin-power\\\/#breadcrumb\",\"itemListElement\":[{\"@type\":\"ListItem\",\"position\":1,\"name\":\"Portada\",\"item\":\"https:\\\/\\\/cosrxskincare.eu\\\/pt-pt\\\/\"},{\"@type\":\"ListItem\",\"position\":2,\"name\":\"Tienda\",\"item\":\"https:\\\/\\\/cosrxskincare.eu\\\/tienda\\\/\"},{\"@type\":\"ListItem\",\"position\":3,\"name\":\"Ess\u00eancia Advanced Snail 96 Mucin Power\"}]},{\"@type\":\"WebSite\",\"@id\":\"https:\\\/\\\/cosrxskincare.eu\\\/pt-pt\\\/#website\",\"url\":\"https:\\\/\\\/cosrxskincare.eu\\\/pt-pt\\\/\",\"name\":\"Cosrx\",\"description\":\"Cosrx Europe\",\"potentialAction\":[{\"@type\":\"SearchAction\",\"target\":{\"@type\":\"EntryPoint\",\"urlTemplate\":\"https:\\\/\\\/cosrxskincare.eu\\\/pt-pt\\\/?s={search_term_string}\"},\"query-input\":{\"@type\":\"PropertyValueSpecification\",\"valueRequired\":true,\"valueName\":\"search_term_string\"}}],\"inLanguage\":\"pt-PT\"}]}<\/script>\n<!-- \/ Yoast SEO plugin. -->","yoast_head_json":{"title":"Ess\u00eancia Advanced Snail 96 Mucin Power - Cosrx","robots":{"index":"index","follow":"follow","max-snippet":"max-snippet:-1","max-image-preview":"max-image-preview:large","max-video-preview":"max-video-preview:-1"},"canonical":"https:\/\/cosrxskincare.eu\/pt-pt\/producto\/esencia-advanced-snail-96-mucin-power\/","og_locale":"pt_PT","og_type":"article","og_title":"Ess\u00eancia Advanced Snail 96 Mucin Power - Cosrx","og_description":"Ess\u00eancia ligeira que absorve rapidamente conferindo-lhe um brilho natural. Criada a partir de um filtrado de mucina de caracol altamente concentrado, esta ess\u00eancia aporta nutri\u00e7\u00e3o, previne e repara os danos cut\u00e2neos gra\u00e7as ao seu efeito regenerador. Mant\u00e9m a pele hidratada, luminosa e saud\u00e1vel ao longo de todo o dia sem deixar qualquer res\u00edduo.","og_url":"https:\/\/cosrxskincare.eu\/pt-pt\/producto\/esencia-advanced-snail-96-mucin-power\/","og_site_name":"Cosrx","article_modified_time":"2023-04-24T10:08:32+00:00","og_image":[{"width":800,"height":800,"url":"https:\/\/cosrxskincare.eu\/wp-content\/uploads\/2023\/04\/crx003@88.jpg","type":"image\/jpeg"}],"twitter_card":"summary_large_image","schema":{"@context":"https:\/\/schema.org","@graph":[{"@type":"WebPage","@id":"https:\/\/cosrxskincare.eu\/pt-pt\/producto\/esencia-advanced-snail-96-mucin-power\/","url":"https:\/\/cosrxskincare.eu\/pt-pt\/producto\/esencia-advanced-snail-96-mucin-power\/","name":"Ess\u00eancia Advanced Snail 96 Mucin Power - Cosrx","isPartOf":{"@id":"https:\/\/cosrxskincare.eu\/pt-pt\/#website"},"primaryImageOfPage":{"@id":"https:\/\/cosrxskincare.eu\/pt-pt\/producto\/esencia-advanced-snail-96-mucin-power\/#primaryimage"},"image":{"@id":"https:\/\/cosrxskincare.eu\/pt-pt\/producto\/esencia-advanced-snail-96-mucin-power\/#primaryimage"},"thumbnailUrl":"https:\/\/cosrxskincare.eu\/wp-content\/uploads\/2023\/04\/crx003@88.jpg","datePublished":"2023-04-13T10:23:52+00:00","dateModified":"2023-04-24T10:08:32+00:00","breadcrumb":{"@id":"https:\/\/cosrxskincare.eu\/pt-pt\/producto\/esencia-advanced-snail-96-mucin-power\/#breadcrumb"},"inLanguage":"pt-PT","potentialAction":[{"@type":"ReadAction","target":["https:\/\/cosrxskincare.eu\/pt-pt\/producto\/esencia-advanced-snail-96-mucin-power\/"]}]},{"@type":"ImageObject","inLanguage":"pt-PT","@id":"https:\/\/cosrxskincare.eu\/pt-pt\/producto\/esencia-advanced-snail-96-mucin-power\/#primaryimage","url":"https:\/\/cosrxskincare.eu\/wp-content\/uploads\/2023\/04\/crx003@88.jpg","contentUrl":"https:\/\/cosrxskincare.eu\/wp-content\/uploads\/2023\/04\/crx003@88.jpg","width":800,"height":800,"caption":"CRX003"},{"@type":"BreadcrumbList","@id":"https:\/\/cosrxskincare.eu\/pt-pt\/producto\/esencia-advanced-snail-96-mucin-power\/#breadcrumb","itemListElement":[{"@type":"ListItem","position":1,"name":"Portada","item":"https:\/\/cosrxskincare.eu\/pt-pt\/"},{"@type":"ListItem","position":2,"name":"Tienda","item":"https:\/\/cosrxskincare.eu\/tienda\/"},{"@type":"ListItem","position":3,"name":"Ess\u00eancia Advanced Snail 96 Mucin Power"}]},{"@type":"WebSite","@id":"https:\/\/cosrxskincare.eu\/pt-pt\/#website","url":"https:\/\/cosrxskincare.eu\/pt-pt\/","name":"Cosrx","description":"Cosrx Europe","potentialAction":[{"@type":"SearchAction","target":{"@type":"EntryPoint","urlTemplate":"https:\/\/cosrxskincare.eu\/pt-pt\/?s={search_term_string}"},"query-input":{"@type":"PropertyValueSpecification","valueRequired":true,"valueName":"search_term_string"}}],"inLanguage":"pt-PT"}]}},"_links":{"self":[{"href":"https:\/\/cosrxskincare.eu\/pt-pt\/wp-json\/wp\/v2\/product\/20981","targetHints":{"allow":["GET"]}}],"collection":[{"href":"https:\/\/cosrxskincare.eu\/pt-pt\/wp-json\/wp\/v2\/product"}],"about":[{"href":"https:\/\/cosrxskincare.eu\/pt-pt\/wp-json\/wp\/v2\/types\/product"}],"replies":[{"embeddable":true,"href":"https:\/\/cosrxskincare.eu\/pt-pt\/wp-json\/wp\/v2\/comments?post=20981"}],"wp:featuredmedia":[{"embeddable":true,"href":"https:\/\/cosrxskincare.eu\/pt-pt\/wp-json\/wp\/v2\/media\/20901"}],"wp:attachment":[{"href":"https:\/\/cosrxskincare.eu\/pt-pt\/wp-json\/wp\/v2\/media?parent=20981"}],"wp:term":[{"taxonomy":"product_brand","embeddable":true,"href":"https:\/\/cosrxskincare.eu\/pt-pt\/wp-json\/wp\/v2\/product_brand?post=20981"},{"taxonomy":"product_cat","embeddable":true,"href":"https:\/\/cosrxskincare.eu\/pt-pt\/wp-json\/wp\/v2\/product_cat?post=20981"},{"taxonomy":"product_tag","embeddable":true,"href":"https:\/\/cosrxskincare.eu\/pt-pt\/wp-json\/wp\/v2\/product_tag?post=20981"}],"curies":[{"name":"wp","href":"https:\/\/api.w.org\/{rel}","templated":true}]}}