{"id":20983,"date":"2023-04-13T10:23:50","date_gmt":"2023-04-13T10:23:50","guid":{"rendered":"https:\/\/cosrxskincare.eu\/producto\/solar-aloe-soothing-sun-cream-spf50-pa\/"},"modified":"2023-04-24T10:08:32","modified_gmt":"2023-04-24T10:08:32","slug":"solar-aloe-soothing-sun-cream-spf50-pa","status":"publish","type":"product","link":"https:\/\/cosrxskincare.eu\/pt-pt\/producto\/solar-aloe-soothing-sun-cream-spf50-pa\/","title":{"rendered":"Protetor Solar Aloe\n  Soothing SPF50 PA+++\u00a0"},"content":{"rendered":"<h4>Modo de uso<\/h4>\n<p>Na \u00faltima etapa da rotina, aplicar uma camada uniforme sobre todo o rosto, pesco\u00e7o e decote 20 a 30 minutos antes da exposi\u00e7\u00e3o solar. Reaplicar de duas em duas horas e sempre que a pele precisar de um pouco de hidrata\u00e7\u00e3o extra.<\/p>\n<p><\/p>\n<h4>Ingredientes<\/h4>\n<p>Water, Ethylhexyl Meth- oxycinnamate, Glycerin, Propylene Glycol, Cyclopentasiloxane, Phenyl- benzimidazole Sulfonic Acid, Bis-Et- hylhexyloxyphenol Methoxyphenyl Triazine, Dicaprylyl Carbonate, Isoa- myl p-Methoxycinnamate, Potassiu- m Cetyl Phosphate, Alcohol, Dimeth- icone, Butylene Glycol, Glyceryl Ste- arate, Titanium Dioxide, C14-22 Alc- ohols, Polymethyl Methacrylate, Ce- tearyl Alcohol, PEG-100 Stearate, Tr- iethanolamine, Silica, Sodium Hydro- xide, Dimethicone\/Vinyl Dimethicone Crosspolymer, C12-20 Alkyl Glucos- ide, Aluminum Hydroxide, Stearic A- cid, Fragrance, Caprylyl Glycol, Ph- enoxyethanol, Acrylates\/C10-30 Alk- yl Acrylate Crosspolymer, Aloe Arb- orescens Leaf Extract(1,100 ppm), Dipotassium Glycyrrhizate, Carbo- mer, Xanthan Gum, Limonene, Toco- pheryl Acetate, Disodium EDTA, Hex- yl Cinnamal, Linalool, Benzyl Salicy- late, Geraniol, Benzyl Alcohol, Citr- onellol, Benzyl Benzoate, Citral<\/p>\n","protected":false},"excerpt":{"rendered":"<p>Protetor solar hidratante com alo\u00e9 vera e fator de protec\u00e7\u00e3o SPF50 PA++++. Ideal para todos os tipos de pele.<\/p>\n","protected":false},"featured_media":20937,"comment_status":"closed","ping_status":"closed","template":"","meta":[],"product_brand":[],"product_cat":[670],"product_tag":[],"class_list":{"0":"post-20983","1":"product","2":"type-product","3":"status-publish","4":"has-post-thumbnail","6":"product_cat-solar-pt-pt","8":"first","9":"instock","10":"shipping-taxable","11":"purchasable","12":"product-type-simple"},"yoast_head":"<!-- This site is optimized with the Yoast SEO plugin v27.3 - https:\/\/yoast.com\/product\/yoast-seo-wordpress\/ -->\n<title>Protetor Solar Aloe  Soothing SPF50 PA+++\u00a0 - Cosrx<\/title>\n<meta name=\"robots\" content=\"index, follow, max-snippet:-1, max-image-preview:large, max-video-preview:-1\" \/>\n<link rel=\"canonical\" href=\"https:\/\/cosrxskincare.eu\/pt-pt\/producto\/solar-aloe-soothing-sun-cream-spf50-pa\/\" \/>\n<meta property=\"og:locale\" content=\"pt_PT\" \/>\n<meta property=\"og:type\" content=\"article\" \/>\n<meta property=\"og:title\" content=\"Protetor Solar Aloe  Soothing SPF50 PA+++\u00a0 - Cosrx\" \/>\n<meta property=\"og:description\" content=\"Protetor solar hidratante com alo\u00e9 vera e fator de protec\u00e7\u00e3o SPF50 PA++++. Ideal para todos os tipos de pele.\" \/>\n<meta property=\"og:url\" content=\"https:\/\/cosrxskincare.eu\/pt-pt\/producto\/solar-aloe-soothing-sun-cream-spf50-pa\/\" \/>\n<meta property=\"og:site_name\" content=\"Cosrx\" \/>\n<meta property=\"article:modified_time\" content=\"2023-04-24T10:08:32+00:00\" \/>\n<meta property=\"og:image\" content=\"https:\/\/cosrxskincare.eu\/wp-content\/uploads\/2023\/04\/CRX001_8809416470191.jpg\" \/>\n\t<meta property=\"og:image:width\" content=\"800\" \/>\n\t<meta property=\"og:image:height\" content=\"800\" \/>\n\t<meta property=\"og:image:type\" content=\"image\/jpeg\" \/>\n<meta name=\"twitter:card\" content=\"summary_large_image\" \/>\n<meta name=\"twitter:label1\" content=\"Tempo estimado de leitura\" \/>\n\t<meta name=\"twitter:data1\" content=\"1 minuto\" \/>\n<script type=\"application\/ld+json\" class=\"yoast-schema-graph\">{\"@context\":\"https:\\\/\\\/schema.org\",\"@graph\":[{\"@type\":\"WebPage\",\"@id\":\"https:\\\/\\\/cosrxskincare.eu\\\/pt-pt\\\/producto\\\/solar-aloe-soothing-sun-cream-spf50-pa\\\/\",\"url\":\"https:\\\/\\\/cosrxskincare.eu\\\/pt-pt\\\/producto\\\/solar-aloe-soothing-sun-cream-spf50-pa\\\/\",\"name\":\"Protetor Solar Aloe Soothing SPF50 PA+++\u00a0 - Cosrx\",\"isPartOf\":{\"@id\":\"https:\\\/\\\/cosrxskincare.eu\\\/pt-pt\\\/#website\"},\"primaryImageOfPage\":{\"@id\":\"https:\\\/\\\/cosrxskincare.eu\\\/pt-pt\\\/producto\\\/solar-aloe-soothing-sun-cream-spf50-pa\\\/#primaryimage\"},\"image\":{\"@id\":\"https:\\\/\\\/cosrxskincare.eu\\\/pt-pt\\\/producto\\\/solar-aloe-soothing-sun-cream-spf50-pa\\\/#primaryimage\"},\"thumbnailUrl\":\"https:\\\/\\\/cosrxskincare.eu\\\/wp-content\\\/uploads\\\/2023\\\/04\\\/CRX001_8809416470191.jpg\",\"datePublished\":\"2023-04-13T10:23:50+00:00\",\"dateModified\":\"2023-04-24T10:08:32+00:00\",\"breadcrumb\":{\"@id\":\"https:\\\/\\\/cosrxskincare.eu\\\/pt-pt\\\/producto\\\/solar-aloe-soothing-sun-cream-spf50-pa\\\/#breadcrumb\"},\"inLanguage\":\"pt-PT\",\"potentialAction\":[{\"@type\":\"ReadAction\",\"target\":[\"https:\\\/\\\/cosrxskincare.eu\\\/pt-pt\\\/producto\\\/solar-aloe-soothing-sun-cream-spf50-pa\\\/\"]}]},{\"@type\":\"ImageObject\",\"inLanguage\":\"pt-PT\",\"@id\":\"https:\\\/\\\/cosrxskincare.eu\\\/pt-pt\\\/producto\\\/solar-aloe-soothing-sun-cream-spf50-pa\\\/#primaryimage\",\"url\":\"https:\\\/\\\/cosrxskincare.eu\\\/wp-content\\\/uploads\\\/2023\\\/04\\\/CRX001_8809416470191.jpg\",\"contentUrl\":\"https:\\\/\\\/cosrxskincare.eu\\\/wp-content\\\/uploads\\\/2023\\\/04\\\/CRX001_8809416470191.jpg\",\"width\":800,\"height\":800},{\"@type\":\"BreadcrumbList\",\"@id\":\"https:\\\/\\\/cosrxskincare.eu\\\/pt-pt\\\/producto\\\/solar-aloe-soothing-sun-cream-spf50-pa\\\/#breadcrumb\",\"itemListElement\":[{\"@type\":\"ListItem\",\"position\":1,\"name\":\"Portada\",\"item\":\"https:\\\/\\\/cosrxskincare.eu\\\/pt-pt\\\/\"},{\"@type\":\"ListItem\",\"position\":2,\"name\":\"Tienda\",\"item\":\"https:\\\/\\\/cosrxskincare.eu\\\/tienda\\\/\"},{\"@type\":\"ListItem\",\"position\":3,\"name\":\"Protetor Solar Aloe Soothing SPF50 PA+++\u00a0\"}]},{\"@type\":\"WebSite\",\"@id\":\"https:\\\/\\\/cosrxskincare.eu\\\/pt-pt\\\/#website\",\"url\":\"https:\\\/\\\/cosrxskincare.eu\\\/pt-pt\\\/\",\"name\":\"Cosrx\",\"description\":\"Cosrx Europe\",\"potentialAction\":[{\"@type\":\"SearchAction\",\"target\":{\"@type\":\"EntryPoint\",\"urlTemplate\":\"https:\\\/\\\/cosrxskincare.eu\\\/pt-pt\\\/?s={search_term_string}\"},\"query-input\":{\"@type\":\"PropertyValueSpecification\",\"valueRequired\":true,\"valueName\":\"search_term_string\"}}],\"inLanguage\":\"pt-PT\"}]}<\/script>\n<!-- \/ Yoast SEO plugin. -->","yoast_head_json":{"title":"Protetor Solar Aloe  Soothing SPF50 PA+++\u00a0 - Cosrx","robots":{"index":"index","follow":"follow","max-snippet":"max-snippet:-1","max-image-preview":"max-image-preview:large","max-video-preview":"max-video-preview:-1"},"canonical":"https:\/\/cosrxskincare.eu\/pt-pt\/producto\/solar-aloe-soothing-sun-cream-spf50-pa\/","og_locale":"pt_PT","og_type":"article","og_title":"Protetor Solar Aloe  Soothing SPF50 PA+++\u00a0 - Cosrx","og_description":"Protetor solar hidratante com alo\u00e9 vera e fator de protec\u00e7\u00e3o SPF50 PA++++. Ideal para todos os tipos de pele.","og_url":"https:\/\/cosrxskincare.eu\/pt-pt\/producto\/solar-aloe-soothing-sun-cream-spf50-pa\/","og_site_name":"Cosrx","article_modified_time":"2023-04-24T10:08:32+00:00","og_image":[{"width":800,"height":800,"url":"https:\/\/cosrxskincare.eu\/wp-content\/uploads\/2023\/04\/CRX001_8809416470191.jpg","type":"image\/jpeg"}],"twitter_card":"summary_large_image","twitter_misc":{"Tempo estimado de leitura":"1 minuto"},"schema":{"@context":"https:\/\/schema.org","@graph":[{"@type":"WebPage","@id":"https:\/\/cosrxskincare.eu\/pt-pt\/producto\/solar-aloe-soothing-sun-cream-spf50-pa\/","url":"https:\/\/cosrxskincare.eu\/pt-pt\/producto\/solar-aloe-soothing-sun-cream-spf50-pa\/","name":"Protetor Solar Aloe Soothing SPF50 PA+++\u00a0 - Cosrx","isPartOf":{"@id":"https:\/\/cosrxskincare.eu\/pt-pt\/#website"},"primaryImageOfPage":{"@id":"https:\/\/cosrxskincare.eu\/pt-pt\/producto\/solar-aloe-soothing-sun-cream-spf50-pa\/#primaryimage"},"image":{"@id":"https:\/\/cosrxskincare.eu\/pt-pt\/producto\/solar-aloe-soothing-sun-cream-spf50-pa\/#primaryimage"},"thumbnailUrl":"https:\/\/cosrxskincare.eu\/wp-content\/uploads\/2023\/04\/CRX001_8809416470191.jpg","datePublished":"2023-04-13T10:23:50+00:00","dateModified":"2023-04-24T10:08:32+00:00","breadcrumb":{"@id":"https:\/\/cosrxskincare.eu\/pt-pt\/producto\/solar-aloe-soothing-sun-cream-spf50-pa\/#breadcrumb"},"inLanguage":"pt-PT","potentialAction":[{"@type":"ReadAction","target":["https:\/\/cosrxskincare.eu\/pt-pt\/producto\/solar-aloe-soothing-sun-cream-spf50-pa\/"]}]},{"@type":"ImageObject","inLanguage":"pt-PT","@id":"https:\/\/cosrxskincare.eu\/pt-pt\/producto\/solar-aloe-soothing-sun-cream-spf50-pa\/#primaryimage","url":"https:\/\/cosrxskincare.eu\/wp-content\/uploads\/2023\/04\/CRX001_8809416470191.jpg","contentUrl":"https:\/\/cosrxskincare.eu\/wp-content\/uploads\/2023\/04\/CRX001_8809416470191.jpg","width":800,"height":800},{"@type":"BreadcrumbList","@id":"https:\/\/cosrxskincare.eu\/pt-pt\/producto\/solar-aloe-soothing-sun-cream-spf50-pa\/#breadcrumb","itemListElement":[{"@type":"ListItem","position":1,"name":"Portada","item":"https:\/\/cosrxskincare.eu\/pt-pt\/"},{"@type":"ListItem","position":2,"name":"Tienda","item":"https:\/\/cosrxskincare.eu\/tienda\/"},{"@type":"ListItem","position":3,"name":"Protetor Solar Aloe Soothing SPF50 PA+++\u00a0"}]},{"@type":"WebSite","@id":"https:\/\/cosrxskincare.eu\/pt-pt\/#website","url":"https:\/\/cosrxskincare.eu\/pt-pt\/","name":"Cosrx","description":"Cosrx Europe","potentialAction":[{"@type":"SearchAction","target":{"@type":"EntryPoint","urlTemplate":"https:\/\/cosrxskincare.eu\/pt-pt\/?s={search_term_string}"},"query-input":{"@type":"PropertyValueSpecification","valueRequired":true,"valueName":"search_term_string"}}],"inLanguage":"pt-PT"}]}},"_links":{"self":[{"href":"https:\/\/cosrxskincare.eu\/pt-pt\/wp-json\/wp\/v2\/product\/20983","targetHints":{"allow":["GET"]}}],"collection":[{"href":"https:\/\/cosrxskincare.eu\/pt-pt\/wp-json\/wp\/v2\/product"}],"about":[{"href":"https:\/\/cosrxskincare.eu\/pt-pt\/wp-json\/wp\/v2\/types\/product"}],"replies":[{"embeddable":true,"href":"https:\/\/cosrxskincare.eu\/pt-pt\/wp-json\/wp\/v2\/comments?post=20983"}],"wp:featuredmedia":[{"embeddable":true,"href":"https:\/\/cosrxskincare.eu\/pt-pt\/wp-json\/wp\/v2\/media\/20937"}],"wp:attachment":[{"href":"https:\/\/cosrxskincare.eu\/pt-pt\/wp-json\/wp\/v2\/media?parent=20983"}],"wp:term":[{"taxonomy":"product_brand","embeddable":true,"href":"https:\/\/cosrxskincare.eu\/pt-pt\/wp-json\/wp\/v2\/product_brand?post=20983"},{"taxonomy":"product_cat","embeddable":true,"href":"https:\/\/cosrxskincare.eu\/pt-pt\/wp-json\/wp\/v2\/product_cat?post=20983"},{"taxonomy":"product_tag","embeddable":true,"href":"https:\/\/cosrxskincare.eu\/pt-pt\/wp-json\/wp\/v2\/product_tag?post=20983"}],"curies":[{"name":"wp","href":"https:\/\/api.w.org\/{rel}","templated":true}]}}